{"id":1167,"date":"2024-11-17T13:13:56","date_gmt":"2024-11-17T13:13:56","guid":{"rendered":"https:\/\/historischer-verein-2024.webdesign-schwaben.de\/?page_id=1167"},"modified":"2025-11-11T10:41:59","modified_gmt":"2025-11-11T10:41:59","slug":"aktuelles","status":"publish","type":"page","link":"https:\/\/www.historischer-verein-dillingen.de\/index.php\/aktuelles\/","title":{"rendered":"Aktuelles"},"content":{"rendered":"<p>[et_pb_section fb_built=&#8220;1&#8243; _builder_version=&#8220;4.22.2&#8243; _module_preset=&#8220;default&#8220; custom_padding=&#8220;||44px|||&#8220; global_colors_info=&#8220;{}&#8220;][et_pb_row _builder_version=&#8220;4.16&#8243; _module_preset=&#8220;default&#8220; global_colors_info=&#8220;{}&#8220;][et_pb_column type=&#8220;4_4&#8243; _builder_version=&#8220;4.16&#8243; _module_preset=&#8220;default&#8220; global_colors_info=&#8220;{}&#8220;][et_pb_text _builder_version=&#8220;4.27.3&#8243; text_font=&#8220;Arial||||||||&#8220; text_text_color=&#8220;#0C71C3&#8243; text_line_height=&#8220;2em&#8220; header_font=&#8220;Arial||||||||&#8220; header_text_align=&#8220;center&#8220; header_text_color=&#8220;#0C71C3&#8243; header_font_size=&#8220;42px&#8220; header_line_height=&#8220;1.2em&#8220; custom_margin=&#8220;|||&#8220; text_font_size_tablet=&#8220;&#8220; text_font_size_phone=&#8220;16px&#8220; text_font_size_last_edited=&#8220;on|phone&#8220; header_font_size_tablet=&#8220;50px&#8220; header_font_size_phone=&#8220;30px&#8220; header_font_size_last_edited=&#8220;on|phone&#8220; locked=&#8220;off&#8220; global_colors_info=&#8220;{}&#8220;]<\/p>\n<h1>Aktuelles<\/h1>\n<p>[\/et_pb_text][\/et_pb_column][\/et_pb_row][et_pb_row _builder_version=&#8220;4.22.2&#8243; _module_preset=&#8220;default&#8220; animation_style=&#8220;slide&#8220; global_colors_info=&#8220;{}&#8220;][et_pb_column type=&#8220;4_4&#8243; _builder_version=&#8220;4.22.2&#8243; _module_preset=&#8220;default&#8220; global_colors_info=&#8220;{}&#8220;][et_pb_blog fullwidth=&#8220;off&#8220; posts_number=&#8220;30&#8243; include_categories=&#8220;47&#8243; show_author=&#8220;off&#8220; _builder_version=&#8220;4.27.4&#8243; _module_preset=&#8220;default&#8220; header_font_size=&#8220;20px&#8220; global_colors_info=&#8220;{}&#8220;][\/et_pb_blog][\/et_pb_column][\/et_pb_row][\/et_pb_section]<\/p>\n","protected":false},"excerpt":{"rendered":"<p>Aktuelles<\/p>\n","protected":false},"author":1,"featured_media":0,"parent":0,"menu_order":0,"comment_status":"closed","ping_status":"closed","template":"","meta":{"_et_pb_use_builder":"on","_et_pb_old_content":"<p>[et_pb_section fb_built=\"1\" _builder_version=\"4.22.2\" _module_preset=\"default\" custom_padding=\"||44px|||\" global_colors_info=\"{}\"][et_pb_row _builder_version=\"4.16\" _module_preset=\"default\" global_colors_info=\"{}\"][et_pb_column type=\"4_4\" _builder_version=\"4.16\" _module_preset=\"default\" global_colors_info=\"{}\"][et_pb_text _builder_version=\"4.22.2\" text_font=\"Arial||||||||\" text_text_color=\"#0C71C3\" text_font_size=\"18px\" text_line_height=\"2em\" header_font=\"Arial||||||||\" header_text_align=\"center\" header_text_color=\"#0C71C3\" header_font_size=\"28px\" header_line_height=\"1.2em\" custom_margin=\"|||\" text_font_size_tablet=\"\" text_font_size_phone=\"16px\" text_font_size_last_edited=\"on|phone\" header_font_size_tablet=\"50px\" header_font_size_phone=\"30px\" header_font_size_last_edited=\"on|phone\" locked=\"off\" global_colors_info=\"{}\"]<\/p><h1>Kontakt<\/h1><p>[\/et_pb_text][\/et_pb_column][\/et_pb_row][et_pb_row _builder_version=\"4.22.2\" _module_preset=\"default\" animation_style=\"slide\" global_colors_info=\"{}\"][et_pb_column type=\"4_4\" _builder_version=\"4.22.2\" _module_preset=\"default\" global_colors_info=\"{}\"][et_pb_text _builder_version=\"4.27.3\" _module_preset=\"default\" text_font=\"Arial||||||||\" text_font_size=\"19px\" text_line_height=\"1.8em\" hover_enabled=\"0\" global_colors_info=\"{}\" sticky_enabled=\"0\"]<\/p><div class=\"fusion-layout-column fusion_builder_column fusion-builder-column-1 fusion_builder_column_1_1 1_1 fusion-one-full fusion-column-first fusion-column-last\"><div class=\"fusion-column-wrapper fusion-flex-column-wrapper-legacy\"><div class=\"fusion-title title fusion-title-1 fusion-title-text fusion-title-size-one\"><h1 class=\"title-heading-left fusion-responsive-typography-calculated\" style=\"text-align: center;\" data-fontsize=\"34\" data-lineheight=\"47.94px\">Haben wir Ihr Interesse geweckt?<\/h1><h1 class=\"title-heading-left fusion-responsive-typography-calculated\" style=\"text-align: center;\" data-fontsize=\"34\" data-lineheight=\"47.94px\">Wir freuen uns von Ihnen zu h\u00f6ren!<\/h1><\/div><div class=\"fusion-clearfix\" style=\"text-align: center;\">\u00a0<\/div><\/div><\/div><div class=\"fusion-layout-column fusion_builder_column fusion-builder-column-2 fusion_builder_column_1_2 1_2 fusion-one-half fusion-column-first\"><div class=\"fusion-column-wrapper fusion-flex-column-wrapper-legacy\"><div class=\"fusion-text fusion-text-1\"><p style=\"text-align: center;\"><strong>Unsere Kontaktdaten sind:<\/strong><\/p><\/div><\/div><\/div><p>[\/et_pb_text][\/et_pb_column][\/et_pb_row][\/et_pb_section][et_pb_section fb_built=\"1\" prev_background_color=\"#ffffff\" _builder_version=\"4.27.3\" _module_preset=\"default\" background_color=\"#0C71C3\" background_enable_image=\"off\" top_divider_style=\"arrow\" top_divider_height=\"57px\" top_divider_flip=\"vertical\" hover_enabled=\"0\" global_colors_info=\"{}\" sticky_enabled=\"0\"][et_pb_row column_structure=\"1_2,1_2\" padding_top_bottom_link_2=\"true\" padding_left_right_link_2=\"true\" _builder_version=\"4.16\" background_color=\"RGBA(255,255,255,0)\" min_height=\"266.9px\" custom_margin=\"41px|auto||auto||\" custom_padding=\"|30px||30px|false|true\" global_colors_info=\"{}\"][et_pb_column type=\"1_2\" _builder_version=\"4.16\" custom_padding=\"|||\" global_colors_info=\"{}\" custom_padding__hover=\"|||\"][et_pb_text _builder_version=\"4.25.1\" text_font=\"Arial||||||||\" text_text_color=\"#FFFFFF\" text_font_size=\"15px\" header_font=\"||||||||\" header_2_font_size=\"27px\" header_4_font=\"Amiko||||||||\" header_4_text_color=\"rgba(0,0,0,0.5)\" header_4_font_size=\"14px\" header_4_line_height=\"1.5em\" custom_margin=\"19px|||||\" global_colors_info=\"{}\"]<\/p><h2 class=\"p1\"><span style=\"color: #ffffff;\">Kontaktformular<\/span><\/h2><h4>\u00a0<\/h4><p>[\/et_pb_text][et_pb_blurb title=\"+49 xxx\" use_icon=\"on\" font_icon=\"\ue090||divi||400\" icon_color=\"#FFFFFF\" image_icon_background_color=\"RGBA(255,255,255,0)\" icon_placement=\"left\" image_icon_width=\"20px\" _builder_version=\"4.27.0\" header_font=\"Arial||||||||\" header_text_color=\"#FFFFFF\" header_font_size=\"15px\" header_line_height=\"1.8em\" body_font=\"Arial||||||||\" background_layout=\"dark\" custom_margin=\"20px|||\" animation=\"off\" icon_font_size=\"20px\" global_colors_info=\"{}\"][\/et_pb_blurb][et_pb_blurb title=\"Anschrift...\" use_icon=\"on\" font_icon=\"\ue081||divi||400\" icon_color=\"#FFFFFF\" icon_placement=\"left\" image_icon_width=\"20px\" _builder_version=\"4.27.0\" header_font=\"Arial||||||||\" header_text_color=\"#FFFFFF\" header_font_size=\"15px\" header_line_height=\"1.8em\" body_font=\"Arial||||||||\" background_layout=\"dark\" custom_margin=\"20px|||\" animation=\"off\" icon_font_size=\"20px\" global_colors_info=\"{}\"]<\/p><p>Anschrift - Detail<\/p><p>[\/et_pb_blurb][\/et_pb_column][et_pb_column type=\"1_2\" _builder_version=\"4.16\" custom_padding=\"|||\" global_colors_info=\"{}\" custom_padding__hover=\"|||\"][et_pb_contact_form _builder_version=\"4.27.0\" _module_preset=\"default\" _unique_id=\"d29460f4-955e-42e9-9ad6-cc3da50b4835\" form_field_background_color=\"#FFFFFF\" form_field_text_color=\"#777777\" form_field_focus_background_color=\"#000000\" form_field_focus_text_color=\"#7CDA24\" title_font=\"Arial||||||||\" title_text_color=\"#000000\" title_font_size=\"26px\" captcha_font=\"Arial||||||||\" captcha_text_color=\"#FFFFFF\" captcha_font_size=\"15px\" form_field_font=\"Arial||||||||\" form_field_font_size=\"15px\" background_color=\"RGBA(255,255,255,0)\" custom_button=\"on\" button_text_size=\"15px\" button_text_color=\"#FFFFFF\" button_letter_spacing=\"0px\" button_icon_color=\"#FFFFFF\" width=\"95%\" custom_margin=\"||||false|false\" custom_padding=\"3px|||||\" global_colors_info=\"{}\"][et_pb_contact_field field_id=\"Name\" field_title=\"Name\" _builder_version=\"4.16\" form_field_font_size=\"15px\" background_color=\"RGBA(255,255,255,0)\" background_enable_color=\"on\" global_colors_info=\"{}\" button_text_size__hover_enabled=\"off\" button_one_text_size__hover_enabled=\"off\" button_two_text_size__hover_enabled=\"off\" button_text_color__hover_enabled=\"off\" button_one_text_color__hover_enabled=\"off\" button_two_text_color__hover_enabled=\"off\" button_border_width__hover_enabled=\"off\" button_one_border_width__hover_enabled=\"off\" button_two_border_width__hover_enabled=\"off\" button_border_color__hover_enabled=\"off\" button_one_border_color__hover_enabled=\"off\" button_two_border_color__hover_enabled=\"off\" button_border_radius__hover_enabled=\"off\" button_one_border_radius__hover_enabled=\"off\" button_two_border_radius__hover_enabled=\"off\" button_letter_spacing__hover_enabled=\"off\" button_one_letter_spacing__hover_enabled=\"off\" button_two_letter_spacing__hover_enabled=\"off\" button_bg_color__hover_enabled=\"off\" button_one_bg_color__hover_enabled=\"off\" button_two_bg_color__hover_enabled=\"off\"][\/et_pb_contact_field][et_pb_contact_field field_id=\"Email\" field_title=\"E-Mail-Adresse\" field_type=\"email\" _builder_version=\"4.16\" background_color=\"RGBA(255,255,255,0)\" background_enable_color=\"on\" global_colors_info=\"{}\" button_text_size__hover_enabled=\"off\" button_one_text_size__hover_enabled=\"off\" button_two_text_size__hover_enabled=\"off\" button_text_color__hover_enabled=\"off\" button_one_text_color__hover_enabled=\"off\" button_two_text_color__hover_enabled=\"off\" button_border_width__hover_enabled=\"off\" button_one_border_width__hover_enabled=\"off\" button_two_border_width__hover_enabled=\"off\" button_border_color__hover_enabled=\"off\" button_one_border_color__hover_enabled=\"off\" button_two_border_color__hover_enabled=\"off\" button_border_radius__hover_enabled=\"off\" button_one_border_radius__hover_enabled=\"off\" button_two_border_radius__hover_enabled=\"off\" button_letter_spacing__hover_enabled=\"off\" button_one_letter_spacing__hover_enabled=\"off\" button_two_letter_spacing__hover_enabled=\"off\" button_bg_color__hover_enabled=\"off\" button_one_bg_color__hover_enabled=\"off\" button_two_bg_color__hover_enabled=\"off\"][\/et_pb_contact_field][et_pb_contact_field field_id=\"Message\" field_title=\"Nachricht\" field_type=\"text\" fullwidth_field=\"on\" _builder_version=\"4.16\" background_color=\"RGBA(255,255,255,0)\" background_enable_color=\"on\" global_colors_info=\"{}\" button_text_size__hover_enabled=\"off\" button_one_text_size__hover_enabled=\"off\" button_two_text_size__hover_enabled=\"off\" button_text_color__hover_enabled=\"off\" button_one_text_color__hover_enabled=\"off\" button_two_text_color__hover_enabled=\"off\" button_border_width__hover_enabled=\"off\" button_one_border_width__hover_enabled=\"off\" button_two_border_width__hover_enabled=\"off\" button_border_color__hover_enabled=\"off\" button_one_border_color__hover_enabled=\"off\" button_two_border_color__hover_enabled=\"off\" button_border_radius__hover_enabled=\"off\" button_one_border_radius__hover_enabled=\"off\" button_two_border_radius__hover_enabled=\"off\" button_letter_spacing__hover_enabled=\"off\" button_one_letter_spacing__hover_enabled=\"off\" button_two_letter_spacing__hover_enabled=\"off\" button_bg_color__hover_enabled=\"off\" button_one_bg_color__hover_enabled=\"off\" button_two_bg_color__hover_enabled=\"off\"][\/et_pb_contact_field][et_pb_contact_field field_id=\"Opt-In\" field_title=\"...\" field_type=\"checkbox\" checkbox_options=\"%91{%22value%22:%22Ich habe die Datenschutzerkl\u00e4rung zur Kenntnis genommen. Ich stimme zu, dass meine Angaben zur Kontaktaufnahme und f\u00fcr R\u00fcckfragen dauerhaft gespeichert werden. Diese Einwilligung kann jederzeit mit Wirkung f\u00fcr die Zukunft widerrufen werden.%22,%22checked%22:0,%22dragID%22:-1}%93\" fullwidth_field=\"on\" _builder_version=\"4.16\" _module_preset=\"default\" form_field_background_color=\"#a3a3a3\" form_field_text_color=\"#FFFFFF\" form_field_focus_background_color=\"#FFFFFF\" form_field_focus_text_color=\"#000000\" background_color=\"RGBA(255,255,255,0)\" background_enable_color=\"on\" custom_margin=\"-2em||||false|false\" custom_padding=\"||||false|false\" global_colors_info=\"{}\"][\/et_pb_contact_field][\/et_pb_contact_form][\/et_pb_column][\/et_pb_row][\/et_pb_section]<\/p>","_et_gb_content_width":"","footnotes":""},"class_list":["post-1167","page","type-page","status-publish","hentry"],"_links":{"self":[{"href":"https:\/\/www.historischer-verein-dillingen.de\/index.php\/wp-json\/wp\/v2\/pages\/1167","targetHints":{"allow":["GET"]}}],"collection":[{"href":"https:\/\/www.historischer-verein-dillingen.de\/index.php\/wp-json\/wp\/v2\/pages"}],"about":[{"href":"https:\/\/www.historischer-verein-dillingen.de\/index.php\/wp-json\/wp\/v2\/types\/page"}],"author":[{"embeddable":true,"href":"https:\/\/www.historischer-verein-dillingen.de\/index.php\/wp-json\/wp\/v2\/users\/1"}],"replies":[{"embeddable":true,"href":"https:\/\/www.historischer-verein-dillingen.de\/index.php\/wp-json\/wp\/v2\/comments?post=1167"}],"version-history":[{"count":9,"href":"https:\/\/www.historischer-verein-dillingen.de\/index.php\/wp-json\/wp\/v2\/pages\/1167\/revisions"}],"predecessor-version":[{"id":2376,"href":"https:\/\/www.historischer-verein-dillingen.de\/index.php\/wp-json\/wp\/v2\/pages\/1167\/revisions\/2376"}],"wp:attachment":[{"href":"https:\/\/www.historischer-verein-dillingen.de\/index.php\/wp-json\/wp\/v2\/media?parent=1167"}],"curies":[{"name":"wp","href":"https:\/\/api.w.org\/{rel}","templated":true}]}}