{"id":1412,"date":"2025-05-07T10:48:18","date_gmt":"2025-05-07T10:48:18","guid":{"rendered":"https:\/\/historischer-verein-2024.webdesign-schwaben.de\/?page_id=1412"},"modified":"2025-11-05T08:42:37","modified_gmt":"2025-11-05T08:42:37","slug":"vereinsgeschichte","status":"publish","type":"page","link":"https:\/\/www.historischer-verein-dillingen.de\/index.php\/vereinsgeschichte\/","title":{"rendered":"Vereinsgeschichte"},"content":{"rendered":"<p>[et_pb_section fb_built=&#8220;1&#8243; _builder_version=&#8220;4.22.2&#8243; _module_preset=&#8220;default&#8220; custom_padding=&#8220;||44px|||&#8220; global_colors_info=&#8220;{}&#8220;][et_pb_row _builder_version=&#8220;4.16&#8243; _module_preset=&#8220;default&#8220; global_colors_info=&#8220;{}&#8220;][et_pb_column type=&#8220;4_4&#8243; _builder_version=&#8220;4.16&#8243; _module_preset=&#8220;default&#8220; global_colors_info=&#8220;{}&#8220;][et_pb_text _builder_version=&#8220;4.27.4&#8243; text_font=&#8220;Arial||||||||&#8220; text_text_color=&#8220;#0C71C3&#8243; text_line_height=&#8220;2em&#8220; header_font=&#8220;Arial||||||||&#8220; header_text_align=&#8220;center&#8220; header_text_color=&#8220;#0C71C3&#8243; header_font_size=&#8220;42px&#8220; header_line_height=&#8220;1.2em&#8220; custom_margin=&#8220;|||&#8220; text_font_size_tablet=&#8220;&#8220; text_font_size_phone=&#8220;16px&#8220; text_font_size_last_edited=&#8220;on|phone&#8220; header_font_size_tablet=&#8220;50px&#8220; header_font_size_phone=&#8220;30px&#8220; header_font_size_last_edited=&#8220;on|phone&#8220; locked=&#8220;off&#8220; global_colors_info=&#8220;{}&#8220;]<\/p>\n<h1><b><span>Geschichte des Vereins<\/span><\/b><\/h1>\n<p>[\/et_pb_text][et_pb_text _builder_version=&#8220;4.27.4&#8243; _module_preset=&#8220;default&#8220; global_colors_info=&#8220;{}&#8220;]<\/p>\n<p style=\"text-align: left;\"><span>Im Jahre 1829 wurde der\u00a0<\/span><b><i>Arch\u00e4ologische Verein im Bezirke des k\u00f6niglichen Landgerichts Dillingen<\/i><\/b><span>\u00a0gegr\u00fcndet. Diese Gr\u00fcndung ging auf die Verordnung vom 29. Mai 1827 zur\u00fcck, mit der K\u00f6nig Ludwig I. von Bayern bereits im dritten Jahr seiner Regierung die Bildung von historischen Vereinen angeregt hatte.<\/span><\/p>\n<p style=\"text-align: left;\"><span>Den Historischen Verein Dillingen gibt es seit 1888.<\/span><\/p>\n<p style=\"text-align: left;\"><span><\/span><\/p>\n<p>[\/et_pb_text][\/et_pb_column][\/et_pb_row][et_pb_row column_structure=&#8220;1_3,1_3,1_3&#8243; _builder_version=&#8220;4.27.4&#8243; _module_preset=&#8220;default&#8220; animation_style=&#8220;slide&#8220; global_colors_info=&#8220;{}&#8220;][et_pb_column type=&#8220;1_3&#8243; _builder_version=&#8220;4.22.2&#8243; _module_preset=&#8220;default&#8220; global_colors_info=&#8220;{}&#8220;][et_pb_image src=&#8220;https:\/\/www.historischer-verein-dillingen.de\/wp-content\/uploads\/2025\/05\/IMGP0340.jpeg&#8220; title_text=&#8220;IMGP0340&#8243; show_in_lightbox=&#8220;on&#8220; use_overlay=&#8220;on&#8220; hover_overlay_color=&#8220;rgba(255,255,255,0.55)&#8220; force_fullwidth=&#8220;on&#8220; _builder_version=&#8220;4.27.4&#8243; _module_preset=&#8220;default&#8220; global_colors_info=&#8220;{}&#8220;][\/et_pb_image][\/et_pb_column][et_pb_column type=&#8220;1_3&#8243; _builder_version=&#8220;4.22.2&#8243; _module_preset=&#8220;default&#8220; global_colors_info=&#8220;{}&#8220;][et_pb_image src=&#8220;https:\/\/www.historischer-verein-dillingen.de\/wp-content\/uploads\/2025\/05\/IMGP0348.jpeg&#8220; title_text=&#8220;IMGP0348&#8243; show_in_lightbox=&#8220;on&#8220; use_overlay=&#8220;on&#8220; hover_overlay_color=&#8220;rgba(255,255,255,0.55)&#8220; force_fullwidth=&#8220;on&#8220; _builder_version=&#8220;4.27.4&#8243; _module_preset=&#8220;default&#8220; global_colors_info=&#8220;{}&#8220;][\/et_pb_image][\/et_pb_column][et_pb_column type=&#8220;1_3&#8243; _builder_version=&#8220;4.22.2&#8243; _module_preset=&#8220;default&#8220; global_colors_info=&#8220;{}&#8220;][et_pb_image src=&#8220;https:\/\/www.historischer-verein-dillingen.de\/wp-content\/uploads\/2025\/05\/scheller.jpg&#8220; title_text=&#8220;scheller&#8220; show_in_lightbox=&#8220;on&#8220; use_overlay=&#8220;on&#8220; hover_overlay_color=&#8220;rgba(255,255,255,0.55)&#8220; force_fullwidth=&#8220;on&#8220; _builder_version=&#8220;4.27.4&#8243; _module_preset=&#8220;default&#8220; global_colors_info=&#8220;{}&#8220;][\/et_pb_image][et_pb_text _builder_version=&#8220;4.27.4&#8243; _module_preset=&#8220;default&#8220; global_colors_info=&#8220;{}&#8220;]<\/p>\n<p><span>Ausgrabungen in Faimingen um 1900, links Lehrer Magnus Scheller<\/span><\/p>\n<p>[\/et_pb_text][\/et_pb_column][\/et_pb_row][et_pb_row column_structure=&#8220;1_3,1_3,1_3&#8243; _builder_version=&#8220;4.27.4&#8243; _module_preset=&#8220;default&#8220; animation_style=&#8220;slide&#8220; global_colors_info=&#8220;{}&#8220;][et_pb_column type=&#8220;1_3&#8243; _builder_version=&#8220;4.22.2&#8243; _module_preset=&#8220;default&#8220; global_colors_info=&#8220;{}&#8220;][et_pb_image src=&#8220;https:\/\/www.historischer-verein-dillingen.de\/wp-content\/uploads\/2025\/05\/Historischer-Verein-Dillingen-11913_0008.jpg&#8220; title_text=&#8220;Historischer Verein Dillingen 11913_0008&#8243; show_in_lightbox=&#8220;on&#8220; use_overlay=&#8220;on&#8220; hover_overlay_color=&#8220;rgba(255,255,255,0.55)&#8220; force_fullwidth=&#8220;on&#8220; _builder_version=&#8220;4.27.4&#8243; _module_preset=&#8220;default&#8220; global_colors_info=&#8220;{}&#8220;][\/et_pb_image][\/et_pb_column][et_pb_column type=&#8220;1_3&#8243; _builder_version=&#8220;4.22.2&#8243; _module_preset=&#8220;default&#8220; global_colors_info=&#8220;{}&#8220;][et_pb_image src=&#8220;https:\/\/www.historischer-verein-dillingen.de\/wp-content\/uploads\/2025\/05\/Historischer-Verein-Dillingen-21913_0007.jpg&#8220; title_text=&#8220;Historischer Verein Dillingen 21913_0007&#8243; show_in_lightbox=&#8220;on&#8220; use_overlay=&#8220;on&#8220; hover_overlay_color=&#8220;rgba(255,255,255,0.55)&#8220; force_fullwidth=&#8220;on&#8220; _builder_version=&#8220;4.27.4&#8243; _module_preset=&#8220;default&#8220; global_colors_info=&#8220;{}&#8220;][\/et_pb_image][\/et_pb_column][et_pb_column type=&#8220;1_3&#8243; _builder_version=&#8220;4.22.2&#8243; _module_preset=&#8220;default&#8220; global_colors_info=&#8220;{}&#8220;][et_pb_image src=&#8220;https:\/\/www.historischer-verein-dillingen.de\/wp-content\/uploads\/2025\/05\/Historischer-Verein-Dillingen-31913_0009.jpg&#8220; title_text=&#8220;Historischer Verein Dillingen 31913_0009&#8243; show_in_lightbox=&#8220;on&#8220; use_overlay=&#8220;on&#8220; hover_overlay_color=&#8220;rgba(255,255,255,0.55)&#8220; force_fullwidth=&#8220;on&#8220; _builder_version=&#8220;4.27.4&#8243; _module_preset=&#8220;default&#8220; global_colors_info=&#8220;{}&#8220;][\/et_pb_image][\/et_pb_column][\/et_pb_row][\/et_pb_section]<\/p>\n","protected":false},"excerpt":{"rendered":"<p>Geschichte des VereinsIm Jahre 1829 wurde der\u00a0Arch\u00e4ologische Verein im Bezirke des k\u00f6niglichen Landgerichts Dillingen\u00a0gegr\u00fcndet. Diese Gr\u00fcndung ging auf die Verordnung vom 29. Mai 1827 zur\u00fcck, mit der K\u00f6nig Ludwig I. von Bayern bereits im dritten Jahr seiner Regierung die Bildung von historischen Vereinen angeregt hatte. Den Historischen Verein Dillingen gibt es seit 1888. Ausgrabungen in [&hellip;]<\/p>\n","protected":false},"author":1,"featured_media":0,"parent":0,"menu_order":0,"comment_status":"closed","ping_status":"closed","template":"","meta":{"_et_pb_use_builder":"on","_et_pb_old_content":"<p>[et_pb_section fb_built=\"1\" _builder_version=\"4.22.2\" _module_preset=\"default\" custom_padding=\"||44px|||\" global_colors_info=\"{}\"][et_pb_row _builder_version=\"4.16\" _module_preset=\"default\" global_colors_info=\"{}\"][et_pb_column type=\"4_4\" _builder_version=\"4.16\" _module_preset=\"default\" global_colors_info=\"{}\"][et_pb_text _builder_version=\"4.27.4\" text_font=\"Arial||||||||\" text_text_color=\"#0C71C3\" text_line_height=\"2em\" header_font=\"Arial||||||||\" header_text_align=\"center\" header_text_color=\"#0C71C3\" header_font_size=\"42px\" header_line_height=\"1.2em\" custom_margin=\"|||\" text_font_size_tablet=\"\" text_font_size_phone=\"16px\" text_font_size_last_edited=\"on|phone\" header_font_size_tablet=\"50px\" header_font_size_phone=\"30px\" header_font_size_last_edited=\"on|phone\" locked=\"off\" global_colors_info=\"{}\"]<\/p><h1>Veranstaltungen<\/h1><p>[\/et_pb_text][et_pb_text _builder_version=\"4.27.4\" _module_preset=\"default\" global_colors_info=\"{}\"]<\/p><p style=\"text-align: left;\">Die folgenden Veranstaltungen werden in Zusammenarbeit mit der VHS Dillingen angeboten.<\/p><p style=\"text-align: left;\">Bitte nehmen Sie unser Angebot wahr. Anmeldungen bei: <strong><a href=\"https:\/\/www.vhs-dlg.de\" target=\"_blank\" rel=\"noopener\">https:\/\/www.vhs-dlg.de<\/a><\/strong><\/p><p style=\"text-align: left;\">Wir freuen uns auf einen reichlichen Zuspruch und hoffen, dass f\u00fcr jeden etwas dabei ist.<br \/>Der Vereinsvorstand w\u00fcnscht reichlichen Erkenntnisgewinn und viel Freude an unserem gemeinsamen Hobby Geschichte.<br \/>Dr. Arnold Schromm und Dr. Johannes Moosdiele-Hitzler<\/p><p>[\/et_pb_text][\/et_pb_column][\/et_pb_row][et_pb_row _builder_version=\"4.22.2\" _module_preset=\"default\" animation_style=\"slide\" global_colors_info=\"{}\"][et_pb_column type=\"4_4\" _builder_version=\"4.22.2\" _module_preset=\"default\" global_colors_info=\"{}\"][et_pb_blog fullwidth=\"off\" posts_number=\"30\" include_categories=\"58\" _builder_version=\"4.27.4\" _module_preset=\"default\" hover_enabled=\"0\" global_colors_info=\"{}\" excerpt_length=\"150\" show_author=\"off\" show_date=\"off\" show_categories=\"off\" sticky_enabled=\"0\"][\/et_pb_blog][\/et_pb_column][\/et_pb_row][\/et_pb_section]<\/p>","_et_gb_content_width":"","footnotes":""},"class_list":["post-1412","page","type-page","status-publish","hentry"],"_links":{"self":[{"href":"https:\/\/www.historischer-verein-dillingen.de\/index.php\/wp-json\/wp\/v2\/pages\/1412","targetHints":{"allow":["GET"]}}],"collection":[{"href":"https:\/\/www.historischer-verein-dillingen.de\/index.php\/wp-json\/wp\/v2\/pages"}],"about":[{"href":"https:\/\/www.historischer-verein-dillingen.de\/index.php\/wp-json\/wp\/v2\/types\/page"}],"author":[{"embeddable":true,"href":"https:\/\/www.historischer-verein-dillingen.de\/index.php\/wp-json\/wp\/v2\/users\/1"}],"replies":[{"embeddable":true,"href":"https:\/\/www.historischer-verein-dillingen.de\/index.php\/wp-json\/wp\/v2\/comments?post=1412"}],"version-history":[{"count":8,"href":"https:\/\/www.historischer-verein-dillingen.de\/index.php\/wp-json\/wp\/v2\/pages\/1412\/revisions"}],"predecessor-version":[{"id":2353,"href":"https:\/\/www.historischer-verein-dillingen.de\/index.php\/wp-json\/wp\/v2\/pages\/1412\/revisions\/2353"}],"wp:attachment":[{"href":"https:\/\/www.historischer-verein-dillingen.de\/index.php\/wp-json\/wp\/v2\/media?parent=1412"}],"curies":[{"name":"wp","href":"https:\/\/api.w.org\/{rel}","templated":true}]}}