{"id":1428,"date":"2025-05-07T11:02:55","date_gmt":"2025-05-07T11:02:55","guid":{"rendered":"https:\/\/historischer-verein-2024.webdesign-schwaben.de\/?page_id=1428"},"modified":"2025-10-20T13:36:21","modified_gmt":"2025-10-20T13:36:21","slug":"museum","status":"publish","type":"page","link":"https:\/\/www.historischer-verein-dillingen.de\/index.php\/museum\/","title":{"rendered":"Museum"},"content":{"rendered":"<p>[et_pb_section fb_built=&#8220;1&#8243; _builder_version=&#8220;4.22.2&#8243; _module_preset=&#8220;default&#8220; custom_padding=&#8220;||44px|||&#8220; global_colors_info=&#8220;{}&#8220;][et_pb_row _builder_version=&#8220;4.16&#8243; _module_preset=&#8220;default&#8220; global_colors_info=&#8220;{}&#8220;][et_pb_column type=&#8220;4_4&#8243; _builder_version=&#8220;4.16&#8243; _module_preset=&#8220;default&#8220; global_colors_info=&#8220;{}&#8220;][et_pb_text _builder_version=&#8220;4.27.4&#8243; text_font=&#8220;Arial||||||||&#8220; text_text_color=&#8220;#0C71C3&#8243; text_line_height=&#8220;2em&#8220; header_font=&#8220;Arial||||||||&#8220; header_text_align=&#8220;center&#8220; header_text_color=&#8220;#0C71C3&#8243; header_font_size=&#8220;42px&#8220; header_line_height=&#8220;1.2em&#8220; custom_margin=&#8220;|||&#8220; text_font_size_tablet=&#8220;&#8220; text_font_size_phone=&#8220;16px&#8220; text_font_size_last_edited=&#8220;on|phone&#8220; header_font_size_tablet=&#8220;50px&#8220; header_font_size_phone=&#8220;30px&#8220; header_font_size_last_edited=&#8220;on|phone&#8220; locked=&#8220;off&#8220; global_colors_info=&#8220;{}&#8220;]<\/p>\n<h1><b>Museum<\/b><\/h1>\n<p>[\/et_pb_text][et_pb_text _builder_version=&#8220;4.27.4&#8243; _module_preset=&#8220;default&#8220; hover_enabled=&#8220;0&#8243; global_colors_info=&#8220;{}&#8220; sticky_enabled=&#8220;0&#8243;]<\/p>\n<p style=\"text-align: left;\">Das Stadt- und Hochstiftmuseum zeigt bis zum 27. April 2025 eine Sonderausstellung zum 125. Geburtstag von Anton Basler<br \/>&#8222;Anton Basler, ein Leben zwischen Holz &amp; Kunst &#8211; Bozen &amp; Dillingen&#8220;<\/p>\n<p style=\"text-align: left;\">Das Museum ist w\u00e4hrend der Sonderausstellung jeden Sonntag und Mittwoch von 14 bis 17 Uhr ge\u00f6ffnet.<\/p>\n<p style=\"text-align: left;\">F\u00fcr aktuelle Informationen \u00fcber das Stadt- und Hochstiftmuseum besuchen Sie die Homepage der Stadt Dillingen, dort ist das Museum mit einer eigenen Seite vertreten:<\/p>\n<h1 style=\"text-align: left;\">\n<p><strong><a href=\"https:\/\/www.dillingen-donau.de\/tourismus\/stadt-hochstiftmuseum\/das-museum\" target=\"_blank\" rel=\"noopener\">https:\/\/www.dillingen-donau.de\/tourismus\/stadt-hochstiftmuseum\/das-museum<\/a><\/strong><\/h1>\n<p style=\"text-align: left;\">[\/et_pb_text][\/et_pb_column][\/et_pb_row][et_pb_row column_structure=&#8220;3_5,2_5&#8243; _builder_version=&#8220;4.27.4&#8243; _module_preset=&#8220;default&#8220; animation_style=&#8220;slide&#8220; global_colors_info=&#8220;{}&#8220;][et_pb_column type=&#8220;3_5&#8243; _builder_version=&#8220;4.22.2&#8243; _module_preset=&#8220;default&#8220; global_colors_info=&#8220;{}&#8220;][et_pb_image src=&#8220;https:\/\/www.historischer-verein-dillingen.de\/wp-content\/uploads\/2025\/05\/Bildschirmfoto-2025-05-07-um-13.00.13.png&#8220; title_text=&#8220;Bildschirmfoto 2025-05-07 um 13.00.13&#8243; url=&#8220;https:\/\/discover.matterport.com\/space\/bPsGMdzfJcH&#8220; use_overlay=&#8220;on&#8220; hover_overlay_color=&#8220;rgba(255,255,255,0.64)&#8220; align=&#8220;center&#8220; force_fullwidth=&#8220;on&#8220; _builder_version=&#8220;4.27.4&#8243; _module_preset=&#8220;default&#8220; global_colors_info=&#8220;{}&#8220;][\/et_pb_image][\/et_pb_column][et_pb_column type=&#8220;2_5&#8243; _builder_version=&#8220;4.22.2&#8243; _module_preset=&#8220;default&#8220; global_colors_info=&#8220;{}&#8220;][et_pb_text _builder_version=&#8220;4.27.4&#8243; _module_preset=&#8220;default&#8220; global_colors_info=&#8220;{}&#8220;]<\/p>\n<p><span>Mit einem Klick auf dieses Bild gelangen Sie auf einen virtuellen Rundgang durch das Museum. Wir w\u00fcnschen Ihnen dabei viel Vergn\u00fcgen, freuen uns Sie auch pers\u00f6nlich im Stadt- und Hochstiftmuseum begr\u00fc\u00dfen zu d\u00fcrfen.<\/span><\/p>\n<p>[\/et_pb_text][\/et_pb_column][\/et_pb_row][et_pb_row _builder_version=&#8220;4.27.4&#8243; _module_preset=&#8220;default&#8220; global_colors_info=&#8220;{}&#8220;][et_pb_column type=&#8220;4_4&#8243; _builder_version=&#8220;4.27.4&#8243; _module_preset=&#8220;default&#8220; global_colors_info=&#8220;{}&#8220;][et_pb_text _builder_version=&#8220;4.27.4&#8243; _module_preset=&#8220;default&#8220; global_colors_info=&#8220;{}&#8220;]<\/p>\n<h1>Stadt- und Hochstiftmuseum Dillingen<\/h1>\n<p>Das Stadt- und Hochstiftmuseum wurde im Jahre 1981 im heutigen Geb\u00e4ude, im ehemaligen Unteren Stiftshaus, Hafenmarkt 11, eingerichtet.<\/p>\n<p>Das Haus geht im Kern auf das 15.\/16. Jahrhundert zur\u00fcck. Im 17. Jahrhundert wurde es vergr\u00f6\u00dfert und nach S\u00fcden \u00fcber die alte Stadtmauer hinaus gebaut. Deshalb verlief noch bis zur Mitte des 18. Jahrhunderts der Wehrgang im 1. Stock der s\u00fcdlichen Hausfront. Der sogenannte Bogen, eine Durchfahrt unter dem Haus, sicherte weiterhin die ungehinderte Nutzung des Weges entlang der Stadtmauer. Das ist bis heute so geblieben.<\/p>\n<p>Aus dem Besitz des Stiftes St. Peter kam das deshalb so genannte Stiftshaus nach der S\u00e4kularisation 1803 in Bayerischen Staatsbesitz und diente unter dem Namen Fronfeste als Gef\u00e4ngnis. Noch 1884 findet sich diese Bezeichnung im neuen Hausnummernregister der Stadt Dillingen.<\/p>\n<p>Der heute gezeigte Museumsbestand stammt zum gr\u00f6\u00dften Teil aus dem Besitz des Historischen Vereins Dillingen. Gerade die wertvollen Exponate der Vor- und Fr\u00fchgeschichtsabteilung gehen auf die durch den Verein schon seit dem 19. Jahrhundert durchgef\u00fchrten arch\u00e4ologischen Ausgrabungen im Landkreis zur\u00fcck.<\/p>\n<p>Erweiterung des Museums<\/p>\n<p>An das Untere Stiftshaus grenzt im S\u00fcdosten das sogenannte Angererhaus. Erbaut Anfang des 16. Jahrhunderts geh\u00f6rt zu den \u00e4ltesten Geb\u00e4uden der Donaustadt. 2004 wurde es von der Stadt Dillingen erworben, um es an den bisherigen Museumskomplex anzugliedern. Im Jahr 2006 begann die Sanierung. Nicht weniger als 1,4 Millionen Euro wurden investiert. Am 28.04.2008 wurde der neue Museumstrakt der \u00d6ffentlichkeit \u00fcbergeben. Die neuen R\u00e4umlichkeiten sind mittels Durchg\u00e4ngen und Treppenplattformen direkt an das alte Museumsgeb\u00e4ude angeschlossen und auf diese Weise in die Gesamtkonzeption des Museums mit einbezogen. Das Museum wird nun auch behindertenfreundlich durch einen modernen Aufzug erschlossen.<\/p>\n<h2>Was gibt es zu sehen?<\/h2>\n<p>Im Museum k\u00f6nnen folgende Abteilungen besichtigt werden. Die beigef\u00fcgten Bilder m\u00f6gen einen kleinen Eindruck von der fachgerechten und stilvollen und Museumspr\u00e4sentation vermitteln.<\/p>\n<p>Unteres Stiftshaus<\/p>\n<p>Keller: Mittelalterliche Strafjustiz, Gef\u00e4ngniszelle, der Bayerische Hiasl<\/p>\n<p>Erdgeschoss: Druckerei, Weigand-Schmiede<\/p>\n<p>1. Obergeschoss: Steinzeit, Kelten (Hallstatt und Lat\u00e8ne), R\u00f6mer, Fr\u00fches Mittelalter<\/p>\n<p>2. Obergeschoss: Stadtgeschichte Dillingen: wird zurzeit umstrukturiert<\/p>\n<p>Hochstift Augsburg: Wallfahrtswesen und private Fr\u00f6mmigkeit, F\u00fcrstbisch\u00f6fe, Kirchen und Kl\u00f6ster, Universit\u00e4t Dillingen<\/p>\n<p>Dachgeschoss: \u00d6rtliches Handwerk: Zunftwesen, Brauereiwesen, Schusterei, Drechslerei, Stadtfischerei, Sch\u00e4fflerei, Kaltmangel<\/p>\n<p>Abteilungen im Angererhaus<\/p>\n<p>Die Kupferschmiede Angerer \u2013 Beispiel einer Dillinger Handwerkerfamilie<br \/>Sebastian Kneipp &#8211; Dillingen, die Geburtsst\u00e4tte der Wasserkur<br \/>Johann Evangelist Wagner &#8211; Regens Wagner und seine Stiftung<br \/>Franziskanerinnen in Dillingen<br \/>Dillinger Universit\u00e4tsdrucker<br \/>Dillinger K\u00fcnstler und ihr Werk (z. B. Heinrich Vogtherr der \u00c4ltere, Hugo von Habermann)<br \/>Wilhelm Bauer \u2013 der Erfinder des U-Boots<br \/>Dr. G\u00fcnther Christlein \u2013 Plastiken<br \/>Galerie im Obergeschoss: Wechselausstellungen zu Dillinger K\u00fcnstlern<\/p>\n<h2>\u00d6ffnungszeiten:<\/h2>\n<p>Das Museum ist am 1. und 3. Sonntag des Monats von 14.00 bis 17.00 Uhr<br \/>und jeden Mittwoch ebenfalls von 14.00 bis 17.00 Uhr ge\u00f6ffnet.<\/p>\n<p>Auch au\u00dferhalb der \u00d6ffnungszeiten bieten wir gerne F\u00fchrungen an. Terminvereinbarung \u00fcber Herrn Lothar Schmied (Kulturamt Dillingen) Tel.: 09071-54195.<\/p>\n<p>Didaktisches Material f\u00fcr Schulklassen steht zur Verf\u00fcgung.<\/p>\n<p>Der Museumsbesuch ist kostenlos.<\/p>\n<p>Das Stadt- und Hochstiftmuseum freut sich auf Ihren Besuch.<\/p>\n<p>Durch Anklicken der Flyer k\u00f6nnen Sie diese in ganzer Gr\u00f6\u00dfe anschauen.<\/p>\n<p>&nbsp;<\/p>\n<p>[\/et_pb_text][\/et_pb_column][\/et_pb_row][et_pb_row column_structure=&#8220;1_2,1_2&#8243; make_equal=&#8220;on&#8220; _builder_version=&#8220;4.27.4&#8243; _module_preset=&#8220;default&#8220; width=&#8220;81%&#8220; max_width=&#8220;594px&#8220; animation_style=&#8220;slide&#8220; global_colors_info=&#8220;{}&#8220;][et_pb_column type=&#8220;1_2&#8243; _builder_version=&#8220;4.22.2&#8243; _module_preset=&#8220;default&#8220; global_colors_info=&#8220;{}&#8220;][et_pb_image src=&#8220;https:\/\/www.historischer-verein-dillingen.de\/wp-content\/uploads\/2025\/05\/Flyer_Hochstiftmuseum-klein.jpg&#8220; title_text=&#8220;Flyer_Hochstiftmuseum klein&#8220; url=&#8220;https:\/\/www.historischer-verein-dillingen.de\/wp-content\/uploads\/2025\/05\/Flyer_Hochstiftmuseum.pdf.pdf&#8220; url_new_window=&#8220;on&#8220; use_overlay=&#8220;on&#8220; hover_overlay_color=&#8220;rgba(255,255,255,0.64)&#8220; align=&#8220;center&#8220; force_fullwidth=&#8220;on&#8220; _builder_version=&#8220;4.27.4&#8243; _module_preset=&#8220;default&#8220; global_colors_info=&#8220;{}&#8220;][\/et_pb_image][\/et_pb_column][et_pb_column type=&#8220;1_2&#8243; _builder_version=&#8220;4.22.2&#8243; _module_preset=&#8220;default&#8220; global_colors_info=&#8220;{}&#8220;][et_pb_image src=&#8220;https:\/\/www.historischer-verein-dillingen.de\/wp-content\/uploads\/2025\/05\/Flyer_Hochstiftmuseum_Ausgrabungen_NEU-klein.jpg&#8220; title_text=&#8220;Flyer_Hochstiftmuseum_Ausgrabungen_NEU klein&#8220; url=&#8220;https:\/\/www.historischer-verein-dillingen.de\/wp-content\/uploads\/2025\/05\/Flyer_Hochstiftmuseum_Ausgrabungen_NEU.pdf.pdf&#8220; url_new_window=&#8220;on&#8220; use_overlay=&#8220;on&#8220; hover_overlay_color=&#8220;rgba(255,255,255,0.64)&#8220; align=&#8220;center&#8220; force_fullwidth=&#8220;on&#8220; _builder_version=&#8220;4.27.4&#8243; _module_preset=&#8220;default&#8220; global_colors_info=&#8220;{}&#8220;][\/et_pb_image][\/et_pb_column][\/et_pb_row][et_pb_row _builder_version=&#8220;4.27.4&#8243; _module_preset=&#8220;default&#8220; global_colors_info=&#8220;{}&#8220;][et_pb_column type=&#8220;4_4&#8243; _builder_version=&#8220;4.27.4&#8243; _module_preset=&#8220;default&#8220; global_colors_info=&#8220;{}&#8220;][et_pb_text _builder_version=&#8220;4.27.4&#8243; _module_preset=&#8220;default&#8220; global_colors_info=&#8220;{}&#8220;]<\/p>\n<p class=\"Stil5\"><em><strong>Museumskurator: Joerg Roller, Dillingen<\/strong><\/em><\/p>\n<p class=\"Stil5\">Tel: 09071-4400<\/p>\n<p class=\"Stil5\">Mail: museum@dillingen-donau.eu<\/p>\n<p>[\/et_pb_text][\/et_pb_column][\/et_pb_row][\/et_pb_section]<\/p>\n","protected":false},"excerpt":{"rendered":"<p>MuseumDas Stadt- und Hochstiftmuseum zeigt bis zum 27. April 2025 eine Sonderausstellung zum 125. Geburtstag von Anton Basler&#8220;Anton Basler, ein Leben zwischen Holz &amp; Kunst &#8211; Bozen &amp; Dillingen&#8220; Das Museum ist w\u00e4hrend der Sonderausstellung jeden Sonntag und Mittwoch von 14 bis 17 Uhr ge\u00f6ffnet. F\u00fcr aktuelle Informationen \u00fcber das Stadt- und Hochstiftmuseum besuchen Sie [&hellip;]<\/p>\n","protected":false},"author":1,"featured_media":0,"parent":0,"menu_order":0,"comment_status":"closed","ping_status":"closed","template":"","meta":{"_et_pb_use_builder":"on","_et_pb_old_content":"<p>[et_pb_section fb_built=\"1\" _builder_version=\"4.22.2\" _module_preset=\"default\" custom_padding=\"||44px|||\" global_colors_info=\"{}\"][et_pb_row _builder_version=\"4.16\" _module_preset=\"default\" global_colors_info=\"{}\"][et_pb_column type=\"4_4\" _builder_version=\"4.16\" _module_preset=\"default\" global_colors_info=\"{}\"][et_pb_text _builder_version=\"4.27.4\" text_font=\"Arial||||||||\" text_text_color=\"#0C71C3\" text_line_height=\"2em\" header_font=\"Arial||||||||\" header_text_align=\"center\" header_text_color=\"#0C71C3\" header_font_size=\"42px\" header_line_height=\"1.2em\" custom_margin=\"|||\" text_font_size_tablet=\"\" text_font_size_phone=\"16px\" text_font_size_last_edited=\"on|phone\" header_font_size_tablet=\"50px\" header_font_size_phone=\"30px\" header_font_size_last_edited=\"on|phone\" locked=\"off\" global_colors_info=\"{}\"]<\/p><h1><b>Geschichte des Vereins<\/b><\/h1><p>[\/et_pb_text][et_pb_text _builder_version=\"4.27.4\" _module_preset=\"default\" global_colors_info=\"{}\"]<\/p><p style=\"text-align: left;\">Im Jahre 1829 wurde der\u00a0<b><i>Arch\u00e4ologische Verein im Bezirke des k\u00f6niglichen Landgerichts Dillingen<\/i><\/b>\u00a0gegr\u00fcndet. Diese Gr\u00fcndung ging auf die Verordnung vom 29. Mai 1827 zur\u00fcck, mit der K\u00f6nig Ludwig I. von Bayern bereits im dritten Jahr seiner Regierung die Bildung von historischen Vereinen angeregt hatte.<\/p><p style=\"text-align: left;\">Den Historischen Verein Dillingen gibt es seit 1888.<\/p><p style=\"text-align: left;\">\u00a0<\/p><p>[\/et_pb_text][\/et_pb_column][\/et_pb_row][et_pb_row column_structure=\"1_3,1_3,1_3\" _builder_version=\"4.27.4\" _module_preset=\"default\" animation_style=\"slide\" global_colors_info=\"{}\"][et_pb_column type=\"1_3\" _builder_version=\"4.22.2\" _module_preset=\"default\" global_colors_info=\"{}\"][et_pb_image src=\"https:\/\/www.historischer-verein-dillingen.de\/wp-content\/uploads\/2025\/05\/IMGP0340.jpeg\" title_text=\"IMGP0340\" show_in_lightbox=\"on\" _builder_version=\"4.27.4\" _module_preset=\"default\" hover_enabled=\"0\" global_colors_info=\"{}\" force_fullwidth=\"on\" sticky_enabled=\"0\"][\/et_pb_image][\/et_pb_column][et_pb_column type=\"1_3\" _builder_version=\"4.22.2\" _module_preset=\"default\" global_colors_info=\"{}\"][et_pb_image src=\"https:\/\/www.historischer-verein-dillingen.de\/wp-content\/uploads\/2025\/05\/IMGP0348.jpeg\" title_text=\"IMGP0348\" show_in_lightbox=\"on\" _builder_version=\"4.27.4\" _module_preset=\"default\" hover_enabled=\"0\" global_colors_info=\"{}\" force_fullwidth=\"on\" sticky_enabled=\"0\"][\/et_pb_image][\/et_pb_column][et_pb_column type=\"1_3\" _builder_version=\"4.22.2\" _module_preset=\"default\" global_colors_info=\"{}\"][et_pb_image src=\"https:\/\/www.historischer-verein-dillingen.de\/wp-content\/uploads\/2025\/05\/scheller.jpg\" title_text=\"scheller\" show_in_lightbox=\"on\" _builder_version=\"4.27.4\" _module_preset=\"default\" hover_enabled=\"0\" global_colors_info=\"{}\" force_fullwidth=\"on\" sticky_enabled=\"0\"][\/et_pb_image][et_pb_text _builder_version=\"4.27.4\" _module_preset=\"default\" global_colors_info=\"{}\"]<\/p><p>Ausgrabungen in Faimingen um 1900, links Lehrer Magnus Scheller<\/p><p>[\/et_pb_text][\/et_pb_column][\/et_pb_row][et_pb_row column_structure=\"1_3,1_3,1_3\" _builder_version=\"4.27.4\" _module_preset=\"default\" animation_style=\"slide\" global_colors_info=\"{}\"][et_pb_column type=\"1_3\" _builder_version=\"4.22.2\" _module_preset=\"default\" global_colors_info=\"{}\"][et_pb_image src=\"https:\/\/www.historischer-verein-dillingen.de\/wp-content\/uploads\/2025\/05\/Historischer-Verein-Dillingen-11913_0008.jpg\" title_text=\"Historischer Verein Dillingen 11913_0008\" show_in_lightbox=\"on\" force_fullwidth=\"on\" _builder_version=\"4.27.4\" _module_preset=\"default\" global_colors_info=\"{}\"][\/et_pb_image][\/et_pb_column][et_pb_column type=\"1_3\" _builder_version=\"4.22.2\" _module_preset=\"default\" global_colors_info=\"{}\"][et_pb_image src=\"https:\/\/www.historischer-verein-dillingen.de\/wp-content\/uploads\/2025\/05\/Historischer-Verein-Dillingen-21913_0007.jpg\" title_text=\"Historischer Verein Dillingen 21913_0007\" show_in_lightbox=\"on\" force_fullwidth=\"on\" _builder_version=\"4.27.4\" _module_preset=\"default\" global_colors_info=\"{}\"][\/et_pb_image][\/et_pb_column][et_pb_column type=\"1_3\" _builder_version=\"4.22.2\" _module_preset=\"default\" global_colors_info=\"{}\"][et_pb_image src=\"https:\/\/www.historischer-verein-dillingen.de\/wp-content\/uploads\/2025\/05\/Historischer-Verein-Dillingen-31913_0009.jpg\" title_text=\"Historischer Verein Dillingen 31913_0009\" show_in_lightbox=\"on\" force_fullwidth=\"on\" _builder_version=\"4.27.4\" _module_preset=\"default\" global_colors_info=\"{}\"][\/et_pb_image][\/et_pb_column][\/et_pb_row][et_pb_row _builder_version=\"4.27.4\" _module_preset=\"default\" global_colors_info=\"{}\"][et_pb_column type=\"4_4\" _builder_version=\"4.27.4\" _module_preset=\"default\" global_colors_info=\"{}\"][et_pb_text _builder_version=\"4.27.4\" _module_preset=\"default\" global_colors_info=\"{}\"]<\/p><p>Dieter M. Schinhammer, 1. Vorsitzender<\/p><p>[\/et_pb_text][\/et_pb_column][\/et_pb_row][\/et_pb_section]<\/p>","_et_gb_content_width":"","footnotes":""},"class_list":["post-1428","page","type-page","status-publish","hentry"],"_links":{"self":[{"href":"https:\/\/www.historischer-verein-dillingen.de\/index.php\/wp-json\/wp\/v2\/pages\/1428","targetHints":{"allow":["GET"]}}],"collection":[{"href":"https:\/\/www.historischer-verein-dillingen.de\/index.php\/wp-json\/wp\/v2\/pages"}],"about":[{"href":"https:\/\/www.historischer-verein-dillingen.de\/index.php\/wp-json\/wp\/v2\/types\/page"}],"author":[{"embeddable":true,"href":"https:\/\/www.historischer-verein-dillingen.de\/index.php\/wp-json\/wp\/v2\/users\/1"}],"replies":[{"embeddable":true,"href":"https:\/\/www.historischer-verein-dillingen.de\/index.php\/wp-json\/wp\/v2\/comments?post=1428"}],"version-history":[{"count":9,"href":"https:\/\/www.historischer-verein-dillingen.de\/index.php\/wp-json\/wp\/v2\/pages\/1428\/revisions"}],"predecessor-version":[{"id":2070,"href":"https:\/\/www.historischer-verein-dillingen.de\/index.php\/wp-json\/wp\/v2\/pages\/1428\/revisions\/2070"}],"wp:attachment":[{"href":"https:\/\/www.historischer-verein-dillingen.de\/index.php\/wp-json\/wp\/v2\/media?parent=1428"}],"curies":[{"name":"wp","href":"https:\/\/api.w.org\/{rel}","templated":true}]}}