{"id":1525,"date":"2025-05-07T14:36:32","date_gmt":"2025-05-07T14:36:32","guid":{"rendered":"https:\/\/historischer-verein-2024.webdesign-schwaben.de\/?page_id=1525"},"modified":"2025-11-03T14:56:45","modified_gmt":"2025-11-03T14:56:45","slug":"vorstand","status":"publish","type":"page","link":"https:\/\/www.historischer-verein-dillingen.de\/index.php\/vorstand\/","title":{"rendered":"Vorstand"},"content":{"rendered":"<p>[et_pb_section fb_built=&#8220;1&#8243; _builder_version=&#8220;4.22.2&#8243; _module_preset=&#8220;default&#8220; custom_padding=&#8220;||44px|||&#8220; global_colors_info=&#8220;{}&#8220;][et_pb_row _builder_version=&#8220;4.16&#8243; _module_preset=&#8220;default&#8220; global_colors_info=&#8220;{}&#8220;][et_pb_column type=&#8220;4_4&#8243; _builder_version=&#8220;4.16&#8243; _module_preset=&#8220;default&#8220; global_colors_info=&#8220;{}&#8220;][et_pb_text _builder_version=&#8220;4.27.4&#8243; text_font=&#8220;Arial||||||||&#8220; text_text_color=&#8220;#0C71C3&#8243; text_line_height=&#8220;2em&#8220; header_font=&#8220;Arial||||||||&#8220; header_text_align=&#8220;center&#8220; header_text_color=&#8220;#0C71C3&#8243; header_font_size=&#8220;42px&#8220; header_line_height=&#8220;1.2em&#8220; custom_margin=&#8220;|||&#8220; text_font_size_tablet=&#8220;&#8220; text_font_size_phone=&#8220;16px&#8220; text_font_size_last_edited=&#8220;on|phone&#8220; header_font_size_tablet=&#8220;50px&#8220; header_font_size_phone=&#8220;30px&#8220; header_font_size_last_edited=&#8220;on|phone&#8220; locked=&#8220;off&#8220; global_colors_info=&#8220;{}&#8220;]<\/p>\n<h1>Vorstand<\/h1>\n<p>[\/et_pb_text][\/et_pb_column][\/et_pb_row][et_pb_row _builder_version=&#8220;4.27.4&#8243; _module_preset=&#8220;default&#8220; custom_padding=&#8220;||14px|||&#8220; global_colors_info=&#8220;{}&#8220;][et_pb_column type=&#8220;4_4&#8243; _builder_version=&#8220;4.27.4&#8243; _module_preset=&#8220;default&#8220; global_colors_info=&#8220;{}&#8220;][et_pb_image src=&#8220;https:\/\/www.historischer-verein-dillingen.de\/wp-content\/uploads\/2025\/11\/1-neuer-Vorstand-2025-10-13-at-16.09.11.jpg&#8220; title_text=&#8220;1-neuer-Vorstand-2025-10-13-at-16.09.11&#8243; show_in_lightbox=&#8220;on&#8220; _builder_version=&#8220;4.27.4&#8243; _module_preset=&#8220;default&#8220; global_colors_info=&#8220;{}&#8220;][\/et_pb_image][et_pb_text _builder_version=&#8220;4.27.4&#8243; _module_preset=&#8220;default&#8220; global_colors_info=&#8220;{}&#8220;]<\/p>\n<p><span>von links: Bernd Knoops-Schuler, Dr. Stephan Bachter, Dr. Felicitas S\u00f6hner, Peter Kellermann, <\/span>Dr. Arnold Schromm, Alexander Rabitsch, Dr. Felicitas Schmid-Grotz, Roland Br\u00f6ckl, Marius M\u00fcller. Es fehlt Robert Eberlein.<\/p>\n<p>[\/et_pb_text][et_pb_text _builder_version=&#8220;4.27.4&#8243; _module_preset=&#8220;default&#8220; global_colors_info=&#8220;{}&#8220;]<\/p>\n<table width=\"978\" border=\"0\">\n<tbody>\n<tr>\n<td height=\"159\" colspan=\"3\">\n<h3 class=\"Stil3\"><span class=\"Stil6\">Der Vorstand des Historischen Vereins Dillingen e. V. (seit 08.April 2025)<\/span><\/h3>\n<ol>\n<li>Vorsitzender: Dr. Arnold Schromm<\/li>\n<li>Vorsitzende: Dr. Felicitas S\u00f6hner (Betreuung des Jahrbuchs)<br \/>Schatzmeister: Peter Kellermann<br \/>Schriftf\u00fchrer: Roland Br\u00f6ckl<br \/>Schriftf\u00fchrer: Bernd Knoops-Schuler<br \/>M\u00fcnzwart: Robert Eberlein<br \/>Vereinsbibliothek: Marius M\u00fcller (Leiter der Studienbibliothek Dillingen)<br \/>Konservator: Dr. Stephan Bachter (Betreuung des Jahrbuchs)<br \/>Konservator: Alexander Rabitsch<br \/>Kooptiertes Mitglied: Dr. Felicitas Schmid-Grotz (Leitung des Museumsarbeitskreises)<br \/>F\u00fcr die Position der Kassenpr\u00fcfer stellen sich zur Verf\u00fcgung: Julia Borggreve und Helmut Libicher.<\/li>\n<\/ol>\n<ul><\/ul>\n<\/td>\n<\/tr>\n<\/tbody>\n<\/table>\n<p>[\/et_pb_text][et_pb_text _builder_version=&#8220;4.27.4&#8243; _module_preset=&#8220;default&#8220; hover_enabled=&#8220;0&#8243; sticky_enabled=&#8220;0&#8243;]<\/p>\n<p>Den ausscheidenden Vorstandsmitgliedern sei ganz herzlich f\u00fcr Ihre Arbeit gedankt.<\/p>\n<p>[\/et_pb_text][\/et_pb_column][\/et_pb_row][et_pb_row _builder_version=&#8220;4.27.4&#8243; _module_preset=&#8220;default&#8220; global_colors_info=&#8220;{}&#8220;][et_pb_column type=&#8220;4_4&#8243; _builder_version=&#8220;4.27.4&#8243; _module_preset=&#8220;default&#8220; global_colors_info=&#8220;{}&#8220;][et_pb_image src=&#8220;https:\/\/www.historischer-verein-dillingen.de\/wp-content\/uploads\/2025\/05\/Vorstand-2023.jpg&#8220; title_text=&#8220;Vorstand-2023&#8243; show_in_lightbox=&#8220;on&#8220; _builder_version=&#8220;4.27.4&#8243; _module_preset=&#8220;default&#8220; global_colors_info=&#8220;{}&#8220;][\/et_pb_image][et_pb_text _builder_version=&#8220;4.27.4&#8243; _module_preset=&#8220;default&#8220; global_colors_info=&#8220;{}&#8220;]<\/p>\n<p><span>Bisheriger Vorstand bis 8. April 2025 &#8211; von links: Peter Kellermann, Felicitas S\u00f6hner, Joerg Roller, Felix Guffler, Arnold Schromm, Felicitas Schmid-Grotz, Johannes Moosdiele-Hitzler, Stephan Bachter und Marius M\u00fcller. Es fehlt Robert Eberlein.<\/span><\/p>\n<p>[\/et_pb_text][et_pb_text _builder_version=&#8220;4.27.4&#8243; _module_preset=&#8220;default&#8220; global_colors_info=&#8220;{}&#8220;]<\/p>\n<table width=\"978\" border=\"0\">\n<tbody>\n<tr>\n<td height=\"159\" colspan=\"3\">\n<h3 class=\"Stil3\"><span class=\"Stil6\">Der Vorstand des Historischen Vereins Dillingen e. V.<\/span><\/h3>\n<ol>\n<li>Vorsitzender: Dr. Arnold Schromm<\/li>\n<li>Vorsitzende: Dr. Felicitas S\u00f6hner (Betreuung des Jahrbuchs)<br \/>Schatzmeister: Peter Kellermann<br \/>Schriftf\u00fchrer: Joerg Roller<br \/>stellvertretende Schriftf\u00fchrerin: PD Dr. Felicitas S\u00f6hner<br \/>M\u00fcnzwart: Robert Eberlein<br \/>Vereinsbibliothek: Marius M\u00fcller<br \/>Konservator: Dr. Stephan Bachter<br \/>Konservator: Felix Guffler<br \/>Museum: kooptiertes Mitglied Dr. Felicitas Schmid-Grotz (Leitung des Museumsarbeitskreises)\n<p class=\"Stil3\">Der bisherige (bis 8. April 2025) Vorstand dankt allen ausgeschiedenen Vorstandsmitgliedern,<br \/>besonders seinem ehemaligen 1. Vorstand, Dieter M. Schinhammer.<br \/>In ehrender Dankbarkeit sei des am 19. August 2022 verstorbenen ehemaligen Vorstandsmitglieds und Ehrenmitglieds Erich Pawlu gedacht.<\/p>\n<p class=\"Stil3\">Dr. Arnold Schromm<\/p>\n<\/li>\n<\/ol>\n<\/td>\n<\/tr>\n<\/tbody>\n<\/table>\n<p>[\/et_pb_text][\/et_pb_column][\/et_pb_row][\/et_pb_section]<\/p>\n","protected":false},"excerpt":{"rendered":"<p>Vorstandvon links: Bernd Knoops-Schuler, Dr. Stephan Bachter, Dr. Felicitas S\u00f6hner, Peter Kellermann, Dr. Arnold Schromm, Alexander Rabitsch, Dr. Felicitas Schmid-Grotz, Roland Br\u00f6ckl, Marius M\u00fcller. Es fehlt Robert Eberlein. Der Vorstand des Historischen Vereins Dillingen e. V. (seit 08.April 2025) Vorsitzender: Dr. Arnold Schromm Vorsitzende: Dr. Felicitas S\u00f6hner (Betreuung des Jahrbuchs)Schatzmeister: Peter KellermannSchriftf\u00fchrer: Roland Br\u00f6cklSchriftf\u00fchrer: Bernd [&hellip;]<\/p>\n","protected":false},"author":1,"featured_media":0,"parent":0,"menu_order":0,"comment_status":"closed","ping_status":"closed","template":"","meta":{"_et_pb_use_builder":"on","_et_pb_old_content":"<p>[et_pb_section fb_built=\"1\" _builder_version=\"4.22.2\" _module_preset=\"default\" custom_padding=\"||44px|||\" global_colors_info=\"{}\"][et_pb_row _builder_version=\"4.16\" _module_preset=\"default\" global_colors_info=\"{}\"][et_pb_column type=\"4_4\" _builder_version=\"4.16\" _module_preset=\"default\" global_colors_info=\"{}\"][et_pb_text _builder_version=\"4.27.4\" text_font=\"Arial||||||||\" text_text_color=\"#0C71C3\" text_line_height=\"2em\" header_font=\"Arial||||||||\" header_text_align=\"center\" header_text_color=\"#0C71C3\" header_font_size=\"42px\" header_line_height=\"1.2em\" custom_margin=\"|||\" hover_enabled=\"0\" text_font_size_tablet=\"\" text_font_size_phone=\"16px\" text_font_size_last_edited=\"on|phone\" header_font_size_tablet=\"50px\" header_font_size_phone=\"30px\" header_font_size_last_edited=\"on|phone\" locked=\"off\" global_colors_info=\"{}\" sticky_enabled=\"0\"]<\/p><h1>Satzung des Historischen Vereins Dillingen<\/h1><p>[\/et_pb_text][et_pb_text _builder_version=\"4.27.4\" _module_preset=\"default\" hover_enabled=\"0\" global_colors_info=\"{}\" sticky_enabled=\"0\"]<\/p><p>Auszug<\/p><p>\u00a7 1<br \/>Der Historische Verein Dillingen a. d. Donau widmet sich der Erforschung der Urgeschichte, Geschichte, Kunst- und Kulturgeschichte sowie der Volkskunst und der Volkskunde, insbesondere in der Stadt Dillingen und im Landkreis Dillingen a. d. Donau.<br \/>Der Verein hat seinen Sitz in Dillingen a. d. Donau. Er ist in das Vereinsregister eingetragen.<\/p><p>[\/et_pb_text][et_pb_button button_text=\"Hier klicken um die Satzung vollst\u00e4ndig zu lesen.\" _builder_version=\"4.27.4\" _module_preset=\"default\" button_url=\"https:\/\/www.historischer-verein-dillingen.de\/wp-content\/uploads\/2025\/05\/Satzung-des-Historischen-Vereins.pdf\" url_new_window=\"on\" hover_enabled=\"0\" sticky_enabled=\"0\" button_alignment=\"center\"][\/et_pb_button][\/et_pb_column][\/et_pb_row][et_pb_row column_structure=\"1_2,1_2\" _builder_version=\"4.27.4\" _module_preset=\"default\" animation_style=\"slide\" hover_enabled=\"0\" global_colors_info=\"{}\" sticky_enabled=\"0\"][et_pb_column type=\"1_2\" _builder_version=\"4.22.2\" _module_preset=\"default\" global_colors_info=\"{}\"][et_pb_image src=\"https:\/\/www.historischer-verein-dillingen.de\/wp-content\/uploads\/2025\/05\/IMGP9712.jpeg\" title_text=\"IMGP9712\" url=\"https:\/\/discover.matterport.com\/space\/bPsGMdzfJcH\" _builder_version=\"4.27.4\" _module_preset=\"default\" hover_enabled=\"0\" global_colors_info=\"{}\" align=\"center\" force_fullwidth=\"on\" sticky_enabled=\"0\"][\/et_pb_image][\/et_pb_column][et_pb_column type=\"1_2\" _builder_version=\"4.22.2\" _module_preset=\"default\" global_colors_info=\"{}\"][et_pb_text _builder_version=\"4.27.4\" _module_preset=\"default\" hover_enabled=\"0\" sticky_enabled=\"0\"]<\/p><p>\u00c4lteste erhaltene Urkunde der Grafen von Dillingen,<br \/>ausgestellt in Dillingen im Jahr 1220,<br \/>Schenkung an das Zisterzienserkloster Kaisheim,<br \/>Urkunde 28, Staatsarchiv Augsburg.<\/p><p>[\/et_pb_text][\/et_pb_column][\/et_pb_row][\/et_pb_section]<\/p>","_et_gb_content_width":"","footnotes":""},"class_list":["post-1525","page","type-page","status-publish","hentry"],"_links":{"self":[{"href":"https:\/\/www.historischer-verein-dillingen.de\/index.php\/wp-json\/wp\/v2\/pages\/1525","targetHints":{"allow":["GET"]}}],"collection":[{"href":"https:\/\/www.historischer-verein-dillingen.de\/index.php\/wp-json\/wp\/v2\/pages"}],"about":[{"href":"https:\/\/www.historischer-verein-dillingen.de\/index.php\/wp-json\/wp\/v2\/types\/page"}],"author":[{"embeddable":true,"href":"https:\/\/www.historischer-verein-dillingen.de\/index.php\/wp-json\/wp\/v2\/users\/1"}],"replies":[{"embeddable":true,"href":"https:\/\/www.historischer-verein-dillingen.de\/index.php\/wp-json\/wp\/v2\/comments?post=1525"}],"version-history":[{"count":9,"href":"https:\/\/www.historischer-verein-dillingen.de\/index.php\/wp-json\/wp\/v2\/pages\/1525\/revisions"}],"predecessor-version":[{"id":2321,"href":"https:\/\/www.historischer-verein-dillingen.de\/index.php\/wp-json\/wp\/v2\/pages\/1525\/revisions\/2321"}],"wp:attachment":[{"href":"https:\/\/www.historischer-verein-dillingen.de\/index.php\/wp-json\/wp\/v2\/media?parent=1525"}],"curies":[{"name":"wp","href":"https:\/\/api.w.org\/{rel}","templated":true}]}}