{"id":1542,"date":"2025-05-07T14:49:21","date_gmt":"2025-05-07T14:49:21","guid":{"rendered":"https:\/\/historischer-verein-2024.webdesign-schwaben.de\/?page_id=1542"},"modified":"2025-11-03T15:52:49","modified_gmt":"2025-11-03T15:52:49","slug":"links","status":"publish","type":"page","link":"https:\/\/www.historischer-verein-dillingen.de\/index.php\/links\/","title":{"rendered":"Links"},"content":{"rendered":"<p>[et_pb_section fb_built=&#8220;1&#8243; _builder_version=&#8220;4.22.2&#8243; _module_preset=&#8220;default&#8220; custom_padding=&#8220;||44px|||&#8220; global_colors_info=&#8220;{}&#8220;][et_pb_row _builder_version=&#8220;4.16&#8243; _module_preset=&#8220;default&#8220; global_colors_info=&#8220;{}&#8220;][et_pb_column type=&#8220;4_4&#8243; _builder_version=&#8220;4.16&#8243; _module_preset=&#8220;default&#8220; global_colors_info=&#8220;{}&#8220;][et_pb_text _builder_version=&#8220;4.27.4&#8243; text_font=&#8220;Arial||||||||&#8220; text_text_color=&#8220;#0C71C3&#8243; text_line_height=&#8220;2em&#8220; header_font=&#8220;Arial||||||||&#8220; header_text_align=&#8220;center&#8220; header_text_color=&#8220;#0C71C3&#8243; header_font_size=&#8220;42px&#8220; header_line_height=&#8220;1.2em&#8220; custom_margin=&#8220;|||&#8220; text_font_size_tablet=&#8220;&#8220; text_font_size_phone=&#8220;16px&#8220; text_font_size_last_edited=&#8220;on|phone&#8220; header_font_size_tablet=&#8220;50px&#8220; header_font_size_phone=&#8220;30px&#8220; header_font_size_last_edited=&#8220;on|phone&#8220; locked=&#8220;off&#8220; global_colors_info=&#8220;{}&#8220;]<\/p>\n<h1>Links<\/h1>\n<p>[\/et_pb_text][\/et_pb_column][\/et_pb_row][et_pb_row column_structure=&#8220;1_3,1_3,1_3&#8243; _builder_version=&#8220;4.27.4&#8243; _module_preset=&#8220;default&#8220; global_colors_info=&#8220;{}&#8220;][et_pb_column type=&#8220;1_3&#8243; _builder_version=&#8220;4.27.4&#8243; _module_preset=&#8220;default&#8220; global_colors_info=&#8220;{}&#8220;][et_pb_text _builder_version=&#8220;4.27.4&#8243; _module_preset=&#8220;default&#8220; global_colors_info=&#8220;{}&#8220;]<\/p>\n<h1 style=\"text-align: center;\"><strong>Vereine<\/strong><\/h1>\n<p>[\/et_pb_text][et_pb_button button_url=&#8220;https:\/\/hvneuburg.wordpress.com\/&#8220; url_new_window=&#8220;on&#8220; button_text=&#8220;Historischer Verein Neuburg&#8220; button_alignment=&#8220;center&#8220; _builder_version=&#8220;4.27.4&#8243; _module_preset=&#8220;default&#8220; custom_margin=&#8220;|2.5em||2.5em|false|true&#8220; custom_padding=&#8220;||||false|true&#8220; global_colors_info=&#8220;{}&#8220;][\/et_pb_button][et_pb_button button_url=&#8220;http:\/\/www.eichbergerhof.de\/&#8220; url_new_window=&#8220;on&#8220; button_text=&#8220;Freunde des Eichbergerhofes&#8220; button_alignment=&#8220;center&#8220; _builder_version=&#8220;4.27.4&#8243; _module_preset=&#8220;default&#8220; custom_margin=&#8220;|2.5em||2.5em|false|true&#8220; custom_padding=&#8220;||||false|true&#8220; global_colors_info=&#8220;{}&#8220;][\/et_pb_button][et_pb_button button_url=&#8220;https:\/\/www.literaturschloss-edelstetten.de\/&#8220; url_new_window=&#8220;on&#8220; button_text=&#8220;Literaturschlo\u00df Edelstetten e.V.&#8220; button_alignment=&#8220;center&#8220; _builder_version=&#8220;4.27.4&#8243; _module_preset=&#8220;default&#8220; custom_margin=&#8220;|2.5em||2.5em|false|true&#8220; custom_padding=&#8220;||||false|true&#8220; global_colors_info=&#8220;{}&#8220;][\/et_pb_button][et_pb_button button_url=&#8220;https:\/\/andorra47.wixsite.com\/hbv-gundelfingen&#8220; url_new_window=&#8220;on&#8220; button_text=&#8220;Historischer B\u00fcrgerverein Gundelfingen&#8220; button_alignment=&#8220;center&#8220; _builder_version=&#8220;4.27.4&#8243; _module_preset=&#8220;default&#8220; custom_margin=&#8220;|2.5em||2.5em|false|true&#8220; custom_padding=&#8220;||||false|true&#8220; global_colors_info=&#8220;{}&#8220;][\/et_pb_button][et_pb_button button_url=&#8220;https:\/\/www.synagoge-binswangen.de\/&#8220; url_new_window=&#8220;on&#8220; button_text=&#8220;F\u00f6rderkreis Synagoge Binswangen e.V.&#8220; button_alignment=&#8220;center&#8220; _builder_version=&#8220;4.27.4&#8243; _module_preset=&#8220;default&#8220; custom_margin=&#8220;|2.5em||2.5em|false|true&#8220; custom_padding=&#8220;||||false|true&#8220; global_colors_info=&#8220;{}&#8220;][\/et_pb_button][et_pb_button button_url=&#8220;https:\/\/www.verein-juedisches-schwaben.de\/&#8220; url_new_window=&#8220;on&#8220; button_text=&#8220;Verein %22Netzwerk j\u00fcdische Geschichte und Kultur in Bay.-Schwaben e.V.%22&#8243; button_alignment=&#8220;center&#8220; _builder_version=&#8220;4.27.4&#8243; _module_preset=&#8220;default&#8220; custom_margin=&#8220;|2.5em||2.5em|false|true&#8220; custom_padding=&#8220;||||false|true&#8220; global_colors_info=&#8220;{}&#8220;][\/et_pb_button][et_pb_button button_url=&#8220;https:\/\/www.heimatverein-unteres-zusamtal.de\/&#8220; url_new_window=&#8220;on&#8220; button_text=&#8220;Heimatverein Unteres Zusamtal e.V.&#8220; button_alignment=&#8220;center&#8220; _builder_version=&#8220;4.27.4&#8243; _module_preset=&#8220;default&#8220; custom_margin=&#8220;|2.5em||2.5em|false|true&#8220; custom_padding=&#8220;||||false|true&#8220; global_colors_info=&#8220;{}&#8220;][\/et_pb_button][\/et_pb_column][et_pb_column type=&#8220;1_3&#8243; _builder_version=&#8220;4.27.4&#8243; _module_preset=&#8220;default&#8220; global_colors_info=&#8220;{}&#8220;][et_pb_text _builder_version=&#8220;4.27.4&#8243; _module_preset=&#8220;default&#8220; global_colors_info=&#8220;{}&#8220;]<\/p>\n<h1 style=\"text-align: center;\"><strong>Museen<\/strong><\/h1>\n<p>[\/et_pb_text][et_pb_button button_url=&#8220;https:\/\/www.heidenheim.de\/museum+im+roemerbad&#8220; url_new_window=&#8220;on&#8220; button_text=&#8220;Museum im R\u00f6merbad Heidenheim&#8220; button_alignment=&#8220;center&#8220; _builder_version=&#8220;4.27.4&#8243; _module_preset=&#8220;default&#8220; custom_margin=&#8220;|2.5em||2.5em|false|true&#8220; global_colors_info=&#8220;{}&#8220;][\/et_pb_button][et_pb_button button_url=&#8220;https:\/\/burg-harburg.de\/&#8220; url_new_window=&#8220;on&#8220; button_text=&#8220;Harburg&#8220; button_alignment=&#8220;center&#8220; _builder_version=&#8220;4.27.4&#8243; _module_preset=&#8220;default&#8220; custom_margin=&#8220;|2.5em||2.5em|false|true&#8220; global_colors_info=&#8220;{}&#8220;][\/et_pb_button][et_pb_button button_url=&#8220;https:\/\/www.klosterwettenhausen.de\/&#8220; url_new_window=&#8220;on&#8220; button_text=&#8220;Kloster Wettenhausen&#8220; button_alignment=&#8220;center&#8220; _builder_version=&#8220;4.27.4&#8243; _module_preset=&#8220;default&#8220; custom_margin=&#8220;|2.5em||2.5em|false|true&#8220; global_colors_info=&#8220;{}&#8220;][\/et_pb_button][et_pb_button button_url=&#8220;https:\/\/www.burgkatzenstein.de\/start.html&#8220; url_new_window=&#8220;on&#8220; button_text=&#8220;Burg Katzenstein&#8220; button_alignment=&#8220;center&#8220; _builder_version=&#8220;4.27.4&#8243; _module_preset=&#8220;default&#8220; custom_margin=&#8220;|2.5em||2.5em|false|true&#8220; global_colors_info=&#8220;{}&#8220;][\/et_pb_button][et_pb_button button_url=&#8220;https:\/\/www.bachritterburg.de\/&#8220; url_new_window=&#8220;on&#8220; button_text=&#8220;Bachritterburg&#8220; button_alignment=&#8220;center&#8220; _builder_version=&#8220;4.27.4&#8243; _module_preset=&#8220;default&#8220; custom_margin=&#8220;|2.5em||2.5em|false|true&#8220; global_colors_info=&#8220;{}&#8220;][\/et_pb_button][et_pb_button button_url=&#8220;https:\/\/www.heuneburg.de\/&#8220; url_new_window=&#8220;on&#8220; button_text=&#8220;Keltenmuseum Heuneburg&#8220; button_alignment=&#8220;center&#8220; _builder_version=&#8220;4.27.4&#8243; _module_preset=&#8220;default&#8220; custom_margin=&#8220;|2.5em||2.5em|false|true&#8220; global_colors_info=&#8220;{}&#8220;][\/et_pb_button][et_pb_button button_url=&#8220;https:\/\/www.limesmuseum.de\/&#8220; url_new_window=&#8220;on&#8220; button_text=&#8220;Limesmuseum Aalen&#8220; button_alignment=&#8220;center&#8220; _builder_version=&#8220;4.27.4&#8243; _module_preset=&#8220;default&#8220; custom_margin=&#8220;|2.5em||2.5em|false|true&#8220; global_colors_info=&#8220;{}&#8220;][\/et_pb_button][et_pb_button button_url=&#8220;https:\/\/www.museum-manching.de\/&#8220; url_new_window=&#8220;on&#8220; button_text=&#8220;Keltenmuseum Manching&#8220; button_alignment=&#8220;center&#8220; _builder_version=&#8220;4.27.4&#8243; _module_preset=&#8220;default&#8220; custom_margin=&#8220;|2.5em||2.5em|false|true&#8220; global_colors_info=&#8220;{}&#8220;][\/et_pb_button][et_pb_button button_url=&#8220;https:\/\/museen-weissenburg.de\/&#8220; url_new_window=&#8220;on&#8220; button_text=&#8220;Museen Weissenburg&#8220; button_alignment=&#8220;center&#8220; _builder_version=&#8220;4.27.4&#8243; _module_preset=&#8220;default&#8220; custom_margin=&#8220;|2.5em||2.5em|false|true&#8220; global_colors_info=&#8220;{}&#8220;][\/et_pb_button][et_pb_button button_url=&#8220;https:\/\/www.biermuseum-dillingen.de\/&#8220; url_new_window=&#8220;on&#8220; button_text=&#8220;Biermuseum Dillingen&#8220; button_alignment=&#8220;center&#8220; _builder_version=&#8220;4.27.4&#8243; _module_preset=&#8220;default&#8220; custom_margin=&#8220;|2.5em||2.5em|false|true&#8220; global_colors_info=&#8220;{}&#8220;][\/et_pb_button][et_pb_button button_url=&#8220;https:\/\/www.wertingen.de\/tourismus-kultur\/museen\/heimatmuseum\/&#8220; url_new_window=&#8220;on&#8220; button_text=&#8220;Heimatmuseum Wertingen&#8220; button_alignment=&#8220;center&#8220; _builder_version=&#8220;4.27.4&#8243; _module_preset=&#8220;default&#8220; custom_margin=&#8220;|2.5em||2.5em|false|true&#8220; global_colors_info=&#8220;{}&#8220;][\/et_pb_button][et_pb_button button_url=&#8220;https:\/\/hsn.bezirk-schwaben.de\/&#8220; url_new_window=&#8220;on&#8220; button_text=&#8220;Museum Hammerschmiede Stockerhof Naichen&#8220; button_alignment=&#8220;center&#8220; _builder_version=&#8220;4.27.4&#8243; _module_preset=&#8220;default&#8220; custom_margin=&#8220;|2.5em||2.5em|false|true&#8220; global_colors_info=&#8220;{}&#8220;][\/et_pb_button][et_pb_button button_url=&#8220;http:\/\/muehlenverein-burgberg.de\/&#8220; url_new_window=&#8220;on&#8220; button_text=&#8220;Museum %22alte M\u00fchle Burgberg 1344%22&#8243; button_alignment=&#8220;center&#8220; _builder_version=&#8220;4.27.4&#8243; _module_preset=&#8220;default&#8220; custom_margin=&#8220;|2.5em||2.5em|false|true&#8220; global_colors_info=&#8220;{}&#8220;][\/et_pb_button][et_pb_button button_url=&#8220;https:\/\/www.bauernkriegsmuseen.de\/index.htm&#8220; url_new_window=&#8220;on&#8220; button_text=&#8220;Bauernkriegsmuseum Leipheim&#8220; button_alignment=&#8220;center&#8220; _builder_version=&#8220;4.27.4&#8243; _module_preset=&#8220;default&#8220; custom_margin=&#8220;|2.5em||2.5em|false|true&#8220; hover_enabled=&#8220;0&#8243; global_colors_info=&#8220;{}&#8220; sticky_enabled=&#8220;0&#8243;][\/et_pb_button][\/et_pb_column][et_pb_column type=&#8220;1_3&#8243; _builder_version=&#8220;4.27.4&#8243; _module_preset=&#8220;default&#8220; global_colors_info=&#8220;{}&#8220;][et_pb_text _builder_version=&#8220;4.27.4&#8243; _module_preset=&#8220;default&#8220; global_colors_info=&#8220;{}&#8220;]<\/p>\n<h1 style=\"text-align: center;\"><strong>Sonstiges<\/strong><\/h1>\n<p>[\/et_pb_text][et_pb_button button_url=&#8220;https:\/\/www.bezirk-schwaben.de\/&#8220; url_new_window=&#8220;on&#8220; button_text=&#8220;Bezirk Schwaben&#8220; button_alignment=&#8220;center&#8220; _builder_version=&#8220;4.27.4&#8243; _module_preset=&#8220;default&#8220; custom_margin=&#8220;|2.5em||2.5em|false|true&#8220; global_colors_info=&#8220;{}&#8220;][\/et_pb_button][et_pb_button button_url=&#8220;https:\/\/www.lernort-buttenwiesen.de\/&#8220; url_new_window=&#8220;on&#8220; button_text=&#8220;Lernort Buttenwiesen&#8220; button_alignment=&#8220;center&#8220; _builder_version=&#8220;4.27.4&#8243; _module_preset=&#8220;default&#8220; custom_margin=&#8220;|2.5em||2.5em|false|true&#8220; global_colors_info=&#8220;{}&#8220;][\/et_pb_button][et_pb_button button_url=&#8220;https:\/\/www.dillingen-donau.de\/startseite&#8220; url_new_window=&#8220;on&#8220; button_text=&#8220;Stadt Dillingen&#8220; button_alignment=&#8220;center&#8220; _builder_version=&#8220;4.27.4&#8243; _module_preset=&#8220;default&#8220; custom_margin=&#8220;|2.5em||2.5em|false|true&#8220; global_colors_info=&#8220;{}&#8220;][\/et_pb_button][et_pb_button button_url=&#8220;https:\/\/www.dillingen-donau.de\/dillingen\/stadtarchiv&#8220; url_new_window=&#8220;on&#8220; button_text=&#8220;Stadtarchiv der Stadt Dillingen&#8220; button_alignment=&#8220;center&#8220; _builder_version=&#8220;4.27.4&#8243; _module_preset=&#8220;default&#8220; custom_margin=&#8220;|2.5em||2.5em|false|true&#8220; global_colors_info=&#8220;{}&#8220;][\/et_pb_button][et_pb_button button_url=&#8220;https:\/\/www.studienbibliothek-dillingen.de\/&#8220; url_new_window=&#8220;on&#8220; button_text=&#8220;Studienbibliothek Dillingen&#8220; button_alignment=&#8220;center&#8220; _builder_version=&#8220;4.27.4&#8243; _module_preset=&#8220;default&#8220; custom_margin=&#8220;|2.5em||2.5em|false|true&#8220; global_colors_info=&#8220;{}&#8220;][\/et_pb_button][et_pb_button button_url=&#8220;https:\/\/www.landkreis-dillingen.de\/&#8220; url_new_window=&#8220;on&#8220; button_text=&#8220;Landkreis Dillingen&#8220; button_alignment=&#8220;center&#8220; _builder_version=&#8220;4.27.4&#8243; _module_preset=&#8220;default&#8220; custom_margin=&#8220;|2.5em||2.5em|false|true&#8220; global_colors_info=&#8220;{}&#8220;][\/et_pb_button][et_pb_button button_url=&#8220;https:\/\/www.vhs-dlg.de\/&#8220; url_new_window=&#8220;on&#8220; button_text=&#8220;VHS Dillingen&#8220; button_alignment=&#8220;center&#8220; _builder_version=&#8220;4.27.4&#8243; _module_preset=&#8220;default&#8220; custom_margin=&#8220;|2.5em||2.5em|false|true&#8220; global_colors_info=&#8220;{}&#8220;][\/et_pb_button][et_pb_button button_url=&#8220;https:\/\/kblg.badw.de\/die-kommission.html&#8220; url_new_window=&#8220;on&#8220; button_text=&#8220;Schw\u00e4bische Forschungs-gemeinschaft&#8220; button_alignment=&#8220;center&#8220; _builder_version=&#8220;4.27.4&#8243; _module_preset=&#8220;default&#8220; custom_margin=&#8220;|2.5em||2.5em|false|true&#8220; global_colors_info=&#8220;{}&#8220;][\/et_pb_button][et_pb_button button_url=&#8220;https:\/\/www.uni-augsburg.de\/de\/organisation\/bibliothek\/&#8220; url_new_window=&#8220;on&#8220; button_text=&#8220;Universit\u00e4tsbibliothek  Augsburg&#8220; button_alignment=&#8220;center&#8220; _builder_version=&#8220;4.27.4&#8243; _module_preset=&#8220;default&#8220; custom_margin=&#8220;|2.5em||2.5em|false|true&#8220; global_colors_info=&#8220;{}&#8220;][\/et_pb_button][et_pb_button button_url=&#8220;https:\/\/kblg.badw.de\/die-kommission.html&#8220; url_new_window=&#8220;on&#8220; button_text=&#8220;Kommission f\u00fcr bayerische Landesgeschichte&#8220; button_alignment=&#8220;center&#8220; _builder_version=&#8220;4.27.4&#8243; _module_preset=&#8220;default&#8220; custom_margin=&#8220;|2.5em||2.5em|false|true&#8220; global_colors_info=&#8220;{}&#8220;][\/et_pb_button][et_pb_button button_url=&#8220;https:\/\/www.bavarikon.de\/?lang=de&#8220; url_new_window=&#8220;on&#8220; button_text=&#8220;Bavarikon&#8220; button_alignment=&#8220;center&#8220; _builder_version=&#8220;4.27.4&#8243; _module_preset=&#8220;default&#8220; custom_margin=&#8220;|2.5em||2.5em|false|true&#8220; global_colors_info=&#8220;{}&#8220;][\/et_pb_button][et_pb_button button_url=&#8220;https:\/\/www.historia-jms.de\/&#8220; url_new_window=&#8220;on&#8220; button_text=&#8220;Historia JMS &#8211; digitale Ausstellung &#8211; Johann Michael Sailer Gymnasium&#8220; button_alignment=&#8220;center&#8220; _builder_version=&#8220;4.27.4&#8243; _module_preset=&#8220;default&#8220; custom_margin=&#8220;|2.5em||2.5em|false|true&#8220; global_colors_info=&#8220;{}&#8220;][\/et_pb_button][\/et_pb_column][\/et_pb_row][\/et_pb_section]<\/p>\n","protected":false},"excerpt":{"rendered":"<p>LinksVereineMuseenSonstiges<\/p>\n","protected":false},"author":1,"featured_media":0,"parent":0,"menu_order":0,"comment_status":"closed","ping_status":"closed","template":"","meta":{"_et_pb_use_builder":"on","_et_pb_old_content":"<p>[et_pb_section fb_built=\"1\" _builder_version=\"4.22.2\" _module_preset=\"default\" custom_padding=\"||44px|||\" global_colors_info=\"{}\"][et_pb_row _builder_version=\"4.16\" _module_preset=\"default\" global_colors_info=\"{}\"][et_pb_column type=\"4_4\" _builder_version=\"4.16\" _module_preset=\"default\" global_colors_info=\"{}\"][et_pb_text _builder_version=\"4.27.4\" text_font=\"Arial||||||||\" text_text_color=\"#0C71C3\" text_line_height=\"2em\" header_font=\"Arial||||||||\" header_text_align=\"center\" header_text_color=\"#0C71C3\" header_font_size=\"42px\" header_line_height=\"1.2em\" custom_margin=\"|||\" hover_enabled=\"0\" text_font_size_tablet=\"\" text_font_size_phone=\"16px\" text_font_size_last_edited=\"on|phone\" header_font_size_tablet=\"50px\" header_font_size_phone=\"30px\" header_font_size_last_edited=\"on|phone\" locked=\"off\" global_colors_info=\"{}\" sticky_enabled=\"0\"]<\/p><h1>Mitgliedschaft<\/h1><p>[\/et_pb_text][\/et_pb_column][\/et_pb_row][et_pb_row _builder_version=\"4.27.4\" _module_preset=\"default\" column_structure=\"1_2,1_2\"][et_pb_column _builder_version=\"4.27.4\" _module_preset=\"default\" type=\"1_2\"][et_pb_text _builder_version=\"4.27.4\" _module_preset=\"default\" hover_enabled=\"0\" global_colors_info=\"{}\" sticky_enabled=\"0\"]<\/p><h2>Mitgliederbeitr\u00e4ge<\/h2><p>Regelbeitrag pro Jahr: 20.- \u20ac.\u00a0<\/p><p>F\u00f6rderbeitrag: 25,- \u20ac<\/p><p>Sch\u00fcler und Studenten: 10,- \u20ac<\/p><p>\u00a0<\/p><h2>Wichtige Information f\u00fcr unsere Mitglieder:<\/h2><p>Die uns vorliegenden Einzugserm\u00e4chtigungen werden als SEPA-Basis-Mandate genutzt. Dieses Lastschriftmandat wird gekennzeichnet durch:<br \/>- IBAN: DE51ZZZ00001433681<br \/>- BIC: BYLADEM1DLG<br \/>- Ihre Mandantsreferenznummer (Diese entspricht Ihrer Mitgliedsnummer im Verein. Sie finden Sie auf dem Etikett der B\u00fcchersendung links oben.)<\/p><p>\u00a0<\/p><p>[\/et_pb_text][\/et_pb_column][et_pb_column _builder_version=\"4.27.4\" _module_preset=\"default\" type=\"1_2\"][et_pb_image src=\"https:\/\/www.historischer-verein-dillingen.de\/wp-content\/uploads\/2025\/05\/Anmeldeformular-180601.jpg\" _builder_version=\"4.27.4\" _module_preset=\"default\" title_text=\"Anmeldeformular 180601\" hover_enabled=\"0\" sticky_enabled=\"0\" url=\"https:\/\/www.historischer-verein-dillingen.de\/wp-content\/uploads\/2025\/05\/Anmeldeformular-220801.pdf\"][\/et_pb_image][et_pb_button button_text=\"Anmeldeformular\" _builder_version=\"4.27.4\" _module_preset=\"default\" hover_enabled=\"0\" sticky_enabled=\"0\" button_url=\"https:\/\/www.historischer-verein-dillingen.de\/wp-content\/uploads\/2025\/05\/Anmeldeformular-220801.pdf\" url_new_window=\"on\"][\/et_pb_button][\/et_pb_column][\/et_pb_row][et_pb_row _builder_version=\"4.27.4\" _module_preset=\"default\"][et_pb_column _builder_version=\"4.27.4\" _module_preset=\"default\" type=\"4_4\"][et_pb_text _builder_version=\"4.27.4\" _module_preset=\"default\" hover_enabled=\"0\" sticky_enabled=\"0\"]<\/p><p style=\"font-weight: 400;\">M\u00f6glich ist auch die Zahlung eines h\u00f6heren Beitrags als\u00a0Spende.<\/p><p style=\"font-weight: 400;\">Jedes Mitglied erh\u00e4lt f\u00fcr seinen Beitrag das Jahrbuch des Historischen Vereins Dillingen.<\/p><p style=\"font-weight: 400;\">F\u00fcr Spenden ist Ihnen der\u00a0Historische Verein Dillingen\u00a0sehr dankbar! Spendenquittungen werden selbstverst\u00e4ndlich ausgestellt.<\/p><p style=\"font-weight: 400;\">Die Kontonummer des\u00a0Historischen Vereins Dillingen\u00a0bei der Sparkasse Dillingen lautet:<\/p><p style=\"font-weight: 400;\">IBAN: DE14 7225 1520 0000 0899 74<\/p><p style=\"font-weight: 400;\">BIC: BYLADEM1DLG<\/p><p style=\"font-weight: 400;\">Der Historische Verein Dillingen ist vom Finanzamt Neu-Ulm mit Bescheid vom 12.12.2004, Steuernummer 151\/109\/10085, als gemeinn\u00fctzig anerkannt. Der Beitrag wird nur f\u00fcr satzungsgem\u00e4\u00dfe Zwecke verwendet. Es wird best\u00e4tigt, dass die bezeichnete Verwendung unter die Zwecke f\u00e4llt, die nach der Anlage 7, Nr. 4 und 7 der Einkommensteuerrichtlinien als besonders f\u00f6rderw\u00fcrdig anerkannt werden.<\/p><p style=\"font-weight: 400;\">Sie k\u00f6nnen dem Verein auch eine Einzugserm\u00e4chtigung erteilen.\u00a0<\/p><p style=\"font-weight: 400;\">Die e-mail-Adresse des Historischen Vereins Dillingen lautet:<\/p><p style=\"font-weight: 400;\"><a href=\"mailto:schatzmeister@historischer-verein-dillingen.de\">schatzmeister@historischer-verein-dillingen.de<\/a>\u00a0<\/p><p style=\"font-weight: 400;\">Peter Kellermann, Schatzmeister<\/p><p>[\/et_pb_text][\/et_pb_column][\/et_pb_row][\/et_pb_section]<\/p>","_et_gb_content_width":"","footnotes":""},"class_list":["post-1542","page","type-page","status-publish","hentry"],"_links":{"self":[{"href":"https:\/\/www.historischer-verein-dillingen.de\/index.php\/wp-json\/wp\/v2\/pages\/1542","targetHints":{"allow":["GET"]}}],"collection":[{"href":"https:\/\/www.historischer-verein-dillingen.de\/index.php\/wp-json\/wp\/v2\/pages"}],"about":[{"href":"https:\/\/www.historischer-verein-dillingen.de\/index.php\/wp-json\/wp\/v2\/types\/page"}],"author":[{"embeddable":true,"href":"https:\/\/www.historischer-verein-dillingen.de\/index.php\/wp-json\/wp\/v2\/users\/1"}],"replies":[{"embeddable":true,"href":"https:\/\/www.historischer-verein-dillingen.de\/index.php\/wp-json\/wp\/v2\/comments?post=1542"}],"version-history":[{"count":32,"href":"https:\/\/www.historischer-verein-dillingen.de\/index.php\/wp-json\/wp\/v2\/pages\/1542\/revisions"}],"predecessor-version":[{"id":2342,"href":"https:\/\/www.historischer-verein-dillingen.de\/index.php\/wp-json\/wp\/v2\/pages\/1542\/revisions\/2342"}],"wp:attachment":[{"href":"https:\/\/www.historischer-verein-dillingen.de\/index.php\/wp-json\/wp\/v2\/media?parent=1542"}],"curies":[{"name":"wp","href":"https:\/\/api.w.org\/{rel}","templated":true}]}}