{"id":2431,"date":"2025-11-11T12:53:54","date_gmt":"2025-11-11T12:53:54","guid":{"rendered":"https:\/\/historischer-verein-2024.webdesign-schwaben.de\/?page_id=2431"},"modified":"2025-11-11T13:01:41","modified_gmt":"2025-11-11T13:01:41","slug":"archiv-des-historischen-vereins-dillingen","status":"publish","type":"page","link":"https:\/\/www.historischer-verein-dillingen.de\/index.php\/archiv-des-historischen-vereins-dillingen\/","title":{"rendered":"Archiv des Vereins"},"content":{"rendered":"<p>[et_pb_section fb_built=&#8220;1&#8243; _builder_version=&#8220;4.22.2&#8243; _module_preset=&#8220;default&#8220; custom_padding=&#8220;||44px|||&#8220; global_colors_info=&#8220;{}&#8220;][et_pb_row _builder_version=&#8220;4.16&#8243; _module_preset=&#8220;default&#8220; global_colors_info=&#8220;{}&#8220;][et_pb_column type=&#8220;4_4&#8243; _builder_version=&#8220;4.16&#8243; _module_preset=&#8220;default&#8220; global_colors_info=&#8220;{}&#8220;][et_pb_text _builder_version=&#8220;4.27.4&#8243; text_font=&#8220;Arial||||||||&#8220; text_text_color=&#8220;#0C71C3&#8243; text_line_height=&#8220;2em&#8220; header_font=&#8220;Arial||||||||&#8220; header_text_align=&#8220;center&#8220; header_text_color=&#8220;#0C71C3&#8243; header_font_size=&#8220;42px&#8220; header_line_height=&#8220;1.2em&#8220; custom_margin=&#8220;|||&#8220; hover_enabled=&#8220;0&#8243; text_font_size_tablet=&#8220;&#8220; text_font_size_phone=&#8220;16px&#8220; text_font_size_last_edited=&#8220;on|phone&#8220; header_font_size_tablet=&#8220;50px&#8220; header_font_size_phone=&#8220;30px&#8220; header_font_size_last_edited=&#8220;on|phone&#8220; locked=&#8220;off&#8220; global_colors_info=&#8220;{}&#8220; sticky_enabled=&#8220;0&#8243;]<\/p>\n<h1>Archiv des Historischen Vereins Dillingen<\/h1>\n<p>[\/et_pb_text][et_pb_text _builder_version=&#8220;4.27.4&#8243; _module_preset=&#8220;default&#8220; hover_enabled=&#8220;0&#8243; sticky_enabled=&#8220;0&#8243;]<\/p>\n<p>Das Archiv des Historischen Vereins Dillingen wird im Stadtarchiv Dillingen aufbewahrt und von der Stadtarchivarin Dr. Felicitas S\u00f6hner betreut.<\/p>\n<p>[\/et_pb_text][et_pb_button button_text=&#8220;Hier gelangen Sie zum Stadtarchiv Dillingen.&#8220; _builder_version=&#8220;4.27.4&#8243; _module_preset=&#8220;default&#8220; button_url=&#8220;https:\/\/www.dillingen-donau.de\/dillingen\/stadtarchiv&#8220; url_new_window=&#8220;on&#8220; hover_enabled=&#8220;0&#8243; sticky_enabled=&#8220;0&#8243; button_alignment=&#8220;center&#8220;][\/et_pb_button][\/et_pb_column][\/et_pb_row][et_pb_row _builder_version=&#8220;4.27.4&#8243; _module_preset=&#8220;default&#8220; global_colors_info=&#8220;{}&#8220;][et_pb_column type=&#8220;4_4&#8243; _builder_version=&#8220;4.27.4&#8243; _module_preset=&#8220;default&#8220; global_colors_info=&#8220;{}&#8220;][et_pb_image src=&#8220;https:\/\/www.historischer-verein-dillingen.de\/wp-content\/uploads\/2025\/10\/Herdstaettenverzeichnis-3283.jpg&#8220; title_text=&#8220;Herdsta\u0308ttenverzeichnis-3283&#8243; show_in_lightbox=&#8220;on&#8220; _builder_version=&#8220;4.27.4&#8243; _module_preset=&#8220;default&#8220; hover_enabled=&#8220;0&#8243; global_colors_info=&#8220;{}&#8220; sticky_enabled=&#8220;0&#8243; width=&#8220;73%&#8220; align=&#8220;center&#8220;][\/et_pb_image][\/et_pb_column][\/et_pb_row][\/et_pb_section]<\/p>\n","protected":false},"excerpt":{"rendered":"<p>Archiv des Historischen Vereins DillingenDas Archiv des Historischen Vereins Dillingen wird im Stadtarchiv Dillingen aufbewahrt und von der Stadtarchivarin Dr. Felicitas S\u00f6hner betreut.<\/p>\n","protected":false},"author":1,"featured_media":0,"parent":0,"menu_order":0,"comment_status":"closed","ping_status":"closed","template":"","meta":{"_et_pb_use_builder":"on","_et_pb_old_content":"<p>[et_pb_section fb_built=\"1\" _builder_version=\"4.22.2\" _module_preset=\"default\" custom_padding=\"||44px|||\" global_colors_info=\"{}\"][et_pb_row _builder_version=\"4.16\" _module_preset=\"default\" global_colors_info=\"{}\"][et_pb_column type=\"4_4\" _builder_version=\"4.16\" _module_preset=\"default\" global_colors_info=\"{}\"][et_pb_text _builder_version=\"4.27.4\" text_font=\"Arial||||||||\" text_text_color=\"#0C71C3\" text_line_height=\"2em\" header_font=\"Arial||||||||\" header_text_align=\"center\" header_text_color=\"#0C71C3\" header_font_size=\"42px\" header_line_height=\"1.2em\" custom_margin=\"|||\" text_font_size_tablet=\"\" text_font_size_phone=\"16px\" text_font_size_last_edited=\"on|phone\" header_font_size_tablet=\"50px\" header_font_size_phone=\"30px\" header_font_size_last_edited=\"on|phone\" locked=\"off\" global_colors_info=\"{}\"]<\/p><h1>Bibliothek des Historischen Vereins Dillingen<\/h1><p>[\/et_pb_text][et_pb_text _builder_version=\"4.27.4\" _module_preset=\"default\" global_colors_info=\"{}\"]<\/p><div align=\"justify\"><span class=\"Stil2\">Wie in der Satzung festgelegt, sammelt der Historische Verein Dillingen literarische Texte und Publikationen, die im Vereinsgebiet entstanden sind oder sich darauf beziehen. Der Verein steht mit zahlreichen historischen Vereinen und wissenschaftlichen Instituten Deutschlands und Europas mit seinen Publikationen im Tauschverkehr.<\/span><\/div><p class=\"Stil2\" align=\"justify\">Bereits im Gr\u00fcndungsjahr des Vereins (1888) wurde mit dem Aufbau einer Vereinsbibliothek begonnen. Neben dem Kompendium zumeist landeskundlicher Zeitschriften (durch Schriftentausch) und Regionalschrifttum ist seither auch seltene und wertvolle \u00e4ltere Literatur in die Bibliothek gelangt, unter anderem eine Sammlung von zirka 700 deutschsprachigen Schauspielen aus dem 2. Drittel des 18. Jahrhunderts.<\/p><p>[\/et_pb_text][\/et_pb_column][\/et_pb_row][et_pb_row _builder_version=\"4.27.4\" _module_preset=\"default\"][et_pb_column _builder_version=\"4.27.4\" _module_preset=\"default\" type=\"4_4\"][et_pb_image src=\"https:\/\/www.historischer-verein-dillingen.de\/wp-content\/uploads\/2025\/11\/WhatsApp-Image-2025-11-11-at-12.28.59.jpeg\" _builder_version=\"4.27.4\" _module_preset=\"default\" show_in_lightbox=\"on\" title_text=\"WhatsApp Image 2025-11-11 at 12.28.59\" hover_enabled=\"0\" sticky_enabled=\"0\"][\/et_pb_image][\/et_pb_column][\/et_pb_row][et_pb_row _builder_version=\"4.27.4\" _module_preset=\"default\" global_colors_info=\"{}\"][et_pb_column type=\"4_4\" _builder_version=\"4.27.4\" _module_preset=\"default\" global_colors_info=\"{}\"][et_pb_text _builder_version=\"4.27.4\" _module_preset=\"default\" global_colors_info=\"{}\"]<\/p><p>Heute umfasst die Vereinsbibliothek rund 10.000 B\u00e4nde. Die Sammlung wird in der staatlichen Studienbibliothek Dillingen als eigener Bestand gef\u00fchrt und von dieser betreut. Dort ist sie im Rahmen der Bibliotheksordnung und \u00d6ffnungszeiten f\u00fcr jedermann zug\u00e4nglich und benutzbar.<\/p><p>Der Buchbestand des Vereins gliedert sich in folgende Gruppen:<\/p><p>\u2022 HV = Monographien, EDV-Erfassung sukzessive<br \/>\u2022 HVS = Sonderdrucke, EDV-Erfassung sukzessive<br \/>\u2022 HVZ = Zeitschriften, komplett im OPAC erfasst<\/p><p>Kontakt: <a href=\"http:\/\/www.studienbibliothek-dillingen.de\" target=\"_blank\" rel=\"noopener\">http:\/\/www.studienbibliothek-dillingen.de<\/a><\/p><p>[\/et_pb_text][\/et_pb_column][\/et_pb_row][et_pb_row _builder_version=\"4.27.4\" _module_preset=\"default\" global_colors_info=\"{}\"][et_pb_column type=\"4_4\" _builder_version=\"4.27.4\" _module_preset=\"default\" global_colors_info=\"{}\"][et_pb_text _builder_version=\"4.27.4\" _module_preset=\"default\" global_colors_info=\"{}\"]<\/p><p>In der Studienbibliothek Dillingen: der Buchbestand des Historischen Vereins Dillingen.<\/p><p>Ansprechpartner: Marius M\u00fcller, Studienbibliothek Dillingen<\/p><p>[\/et_pb_text][\/et_pb_column][\/et_pb_row][\/et_pb_section]<\/p>","_et_gb_content_width":"","footnotes":""},"class_list":["post-2431","page","type-page","status-publish","hentry"],"_links":{"self":[{"href":"https:\/\/www.historischer-verein-dillingen.de\/index.php\/wp-json\/wp\/v2\/pages\/2431","targetHints":{"allow":["GET"]}}],"collection":[{"href":"https:\/\/www.historischer-verein-dillingen.de\/index.php\/wp-json\/wp\/v2\/pages"}],"about":[{"href":"https:\/\/www.historischer-verein-dillingen.de\/index.php\/wp-json\/wp\/v2\/types\/page"}],"author":[{"embeddable":true,"href":"https:\/\/www.historischer-verein-dillingen.de\/index.php\/wp-json\/wp\/v2\/users\/1"}],"replies":[{"embeddable":true,"href":"https:\/\/www.historischer-verein-dillingen.de\/index.php\/wp-json\/wp\/v2\/comments?post=2431"}],"version-history":[{"count":7,"href":"https:\/\/www.historischer-verein-dillingen.de\/index.php\/wp-json\/wp\/v2\/pages\/2431\/revisions"}],"predecessor-version":[{"id":2439,"href":"https:\/\/www.historischer-verein-dillingen.de\/index.php\/wp-json\/wp\/v2\/pages\/2431\/revisions\/2439"}],"wp:attachment":[{"href":"https:\/\/www.historischer-verein-dillingen.de\/index.php\/wp-json\/wp\/v2\/media?parent=2431"}],"curies":[{"name":"wp","href":"https:\/\/api.w.org\/{rel}","templated":true}]}}